{"id":72,"date":"2014-02-10T21:30:16","date_gmt":"2014-02-10T20:30:16","guid":{"rendered":"http:\/\/cdvela.blogs.upv.es\/?page_id=72"},"modified":"2020-12-07T09:14:04","modified_gmt":"2020-12-07T08:14:04","slug":"los-tripulantes","status":"publish","type":"page","link":"https:\/\/cdvela.blogs.upv.es\/?page_id=72","title":{"rendered":"Los Tripulantes"},"content":{"rendered":"<p>Los <b>requisitos<\/b> para optar a formar parte de una tripulaci\u00f3n son:<\/p>\n<ul>\n<li>Ser socio deportivo de la UPV.<\/li>\n<li>Estar federado y tener el carnet deportivo de la FVCV.<\/li>\n<\/ul>\n<p><b>Obligaciones<\/b> de los tripulantes:<\/p>\n<ul>\n<li>Participar en los entrenamientos y regatas programadas.<\/li>\n<li>Integrar a nuevos regatistas en las actividades correspondientes.<\/li>\n<li>Realizar tareas sencillas de mantenimiento del barco: limpieza, revisi\u00f3n y puesta a punto (bater\u00edas, combustible, etc.), mantenimiento y revisi\u00f3n de los peque\u00f1os desperfectos, etc.<\/li>\n<li>Realizar otras tareas de mantenimiento del barco a petici\u00f3n de un patr\u00f3n.<\/li>\n<\/ul>\n","protected":false},"excerpt":{"rendered":"<p>Los requisitos para optar a formar parte de una tripulaci\u00f3n son: Ser socio deportivo de la UPV. Estar federado y tener el carnet deportivo de la FVCV. Obligaciones de los [&hellip;]<\/p>\n","protected":false},"author":109,"featured_media":0,"parent":63,"menu_order":5,"comment_status":"closed","ping_status":"open","template":"template-sidebar-right.php","meta":{"footnotes":""},"class_list":["post-72","page","type-page","status-publish","hentry"],"yoast_head":"<!-- This site is optimized with the Yoast SEO plugin v27.3 - https:\/\/yoast.com\/product\/yoast-seo-wordpress\/ -->\n<title>Los Tripulantes - Equipo de Regatas de Vela de la UPV<\/title>\n<meta name=\"robots\" content=\"index, follow, max-snippet:-1, max-image-preview:large, max-video-preview:-1\" \/>\n<link rel=\"canonical\" href=\"https:\/\/cdvela.blogs.upv.es\/?page_id=72\" \/>\n<meta property=\"og:locale\" content=\"es_ES\" \/>\n<meta property=\"og:type\" content=\"article\" \/>\n<meta property=\"og:title\" content=\"Los Tripulantes - Equipo de Regatas de Vela de la UPV\" \/>\n<meta property=\"og:description\" content=\"Los requisitos para optar a formar parte de una tripulaci\u00f3n son: Ser socio deportivo de la UPV. Estar federado y tener el carnet deportivo de la FVCV. Obligaciones de los [&hellip;]\" \/>\n<meta property=\"og:url\" content=\"https:\/\/cdvela.blogs.upv.es\/?page_id=72\" \/>\n<meta property=\"og:site_name\" content=\"Equipo de Regatas de Vela de la UPV\" \/>\n<meta property=\"article:modified_time\" content=\"2020-12-07T08:14:04+00:00\" \/>\n<meta name=\"twitter:card\" content=\"summary_large_image\" \/>\n<script type=\"application\/ld+json\" class=\"yoast-schema-graph\">{\"@context\":\"https:\\\/\\\/schema.org\",\"@graph\":[{\"@type\":\"WebPage\",\"@id\":\"https:\\\/\\\/cdvela.blogs.upv.es\\\/?page_id=72\",\"url\":\"https:\\\/\\\/cdvela.blogs.upv.es\\\/?page_id=72\",\"name\":\"Los Tripulantes - Equipo de Regatas de Vela de la UPV\",\"isPartOf\":{\"@id\":\"https:\\\/\\\/cdvela.blogs.upv.es\\\/#website\"},\"datePublished\":\"2014-02-10T20:30:16+00:00\",\"dateModified\":\"2020-12-07T08:14:04+00:00\",\"breadcrumb\":{\"@id\":\"https:\\\/\\\/cdvela.blogs.upv.es\\\/?page_id=72#breadcrumb\"},\"inLanguage\":\"es\",\"potentialAction\":[{\"@type\":\"ReadAction\",\"target\":[\"https:\\\/\\\/cdvela.blogs.upv.es\\\/?page_id=72\"]}]},{\"@type\":\"BreadcrumbList\",\"@id\":\"https:\\\/\\\/cdvela.blogs.upv.es\\\/?page_id=72#breadcrumb\",\"itemListElement\":[{\"@type\":\"ListItem\",\"position\":1,\"name\":\"Portada\",\"item\":\"https:\\\/\\\/cdvela.blogs.upv.es\\\/\"},{\"@type\":\"ListItem\",\"position\":2,\"name\":\"Actividades\",\"item\":\"https:\\\/\\\/cdvela.blogs.upv.es\\\/?page_id=47\"},{\"@type\":\"ListItem\",\"position\":3,\"name\":\"Gesti\u00f3n y mantenimiento de las embarcaciones de la UPV\",\"item\":\"https:\\\/\\\/cdvela.blogs.upv.es\\\/?page_id=63\"},{\"@type\":\"ListItem\",\"position\":4,\"name\":\"Los Tripulantes\"}]},{\"@type\":\"WebSite\",\"@id\":\"https:\\\/\\\/cdvela.blogs.upv.es\\\/#website\",\"url\":\"https:\\\/\\\/cdvela.blogs.upv.es\\\/\",\"name\":\"Equipo de Regatas de Vela de la UPV\",\"description\":\"Web del Equipo de Regatas de Vela modalidad crucero de la UPV\",\"potentialAction\":[{\"@type\":\"SearchAction\",\"target\":{\"@type\":\"EntryPoint\",\"urlTemplate\":\"https:\\\/\\\/cdvela.blogs.upv.es\\\/?s={search_term_string}\"},\"query-input\":{\"@type\":\"PropertyValueSpecification\",\"valueRequired\":true,\"valueName\":\"search_term_string\"}}],\"inLanguage\":\"es\"}]}<\/script>\n<!-- \/ Yoast SEO plugin. -->","yoast_head_json":{"title":"Los Tripulantes - Equipo de Regatas de Vela de la UPV","robots":{"index":"index","follow":"follow","max-snippet":"max-snippet:-1","max-image-preview":"max-image-preview:large","max-video-preview":"max-video-preview:-1"},"canonical":"https:\/\/cdvela.blogs.upv.es\/?page_id=72","og_locale":"es_ES","og_type":"article","og_title":"Los Tripulantes - Equipo de Regatas de Vela de la UPV","og_description":"Los requisitos para optar a formar parte de una tripulaci\u00f3n son: Ser socio deportivo de la UPV. Estar federado y tener el carnet deportivo de la FVCV. Obligaciones de los [&hellip;]","og_url":"https:\/\/cdvela.blogs.upv.es\/?page_id=72","og_site_name":"Equipo de Regatas de Vela de la UPV","article_modified_time":"2020-12-07T08:14:04+00:00","twitter_card":"summary_large_image","schema":{"@context":"https:\/\/schema.org","@graph":[{"@type":"WebPage","@id":"https:\/\/cdvela.blogs.upv.es\/?page_id=72","url":"https:\/\/cdvela.blogs.upv.es\/?page_id=72","name":"Los Tripulantes - Equipo de Regatas de Vela de la UPV","isPartOf":{"@id":"https:\/\/cdvela.blogs.upv.es\/#website"},"datePublished":"2014-02-10T20:30:16+00:00","dateModified":"2020-12-07T08:14:04+00:00","breadcrumb":{"@id":"https:\/\/cdvela.blogs.upv.es\/?page_id=72#breadcrumb"},"inLanguage":"es","potentialAction":[{"@type":"ReadAction","target":["https:\/\/cdvela.blogs.upv.es\/?page_id=72"]}]},{"@type":"BreadcrumbList","@id":"https:\/\/cdvela.blogs.upv.es\/?page_id=72#breadcrumb","itemListElement":[{"@type":"ListItem","position":1,"name":"Portada","item":"https:\/\/cdvela.blogs.upv.es\/"},{"@type":"ListItem","position":2,"name":"Actividades","item":"https:\/\/cdvela.blogs.upv.es\/?page_id=47"},{"@type":"ListItem","position":3,"name":"Gesti\u00f3n y mantenimiento de las embarcaciones de la UPV","item":"https:\/\/cdvela.blogs.upv.es\/?page_id=63"},{"@type":"ListItem","position":4,"name":"Los Tripulantes"}]},{"@type":"WebSite","@id":"https:\/\/cdvela.blogs.upv.es\/#website","url":"https:\/\/cdvela.blogs.upv.es\/","name":"Equipo de Regatas de Vela de la UPV","description":"Web del Equipo de Regatas de Vela modalidad crucero de la UPV","potentialAction":[{"@type":"SearchAction","target":{"@type":"EntryPoint","urlTemplate":"https:\/\/cdvela.blogs.upv.es\/?s={search_term_string}"},"query-input":{"@type":"PropertyValueSpecification","valueRequired":true,"valueName":"search_term_string"}}],"inLanguage":"es"}]}},"_links":{"self":[{"href":"https:\/\/cdvela.blogs.upv.es\/index.php?rest_route=\/wp\/v2\/pages\/72","targetHints":{"allow":["GET"]}}],"collection":[{"href":"https:\/\/cdvela.blogs.upv.es\/index.php?rest_route=\/wp\/v2\/pages"}],"about":[{"href":"https:\/\/cdvela.blogs.upv.es\/index.php?rest_route=\/wp\/v2\/types\/page"}],"author":[{"embeddable":true,"href":"https:\/\/cdvela.blogs.upv.es\/index.php?rest_route=\/wp\/v2\/users\/109"}],"replies":[{"embeddable":true,"href":"https:\/\/cdvela.blogs.upv.es\/index.php?rest_route=%2Fwp%2Fv2%2Fcomments&post=72"}],"version-history":[{"count":1,"href":"https:\/\/cdvela.blogs.upv.es\/index.php?rest_route=\/wp\/v2\/pages\/72\/revisions"}],"predecessor-version":[{"id":843,"href":"https:\/\/cdvela.blogs.upv.es\/index.php?rest_route=\/wp\/v2\/pages\/72\/revisions\/843"}],"up":[{"embeddable":true,"href":"https:\/\/cdvela.blogs.upv.es\/index.php?rest_route=\/wp\/v2\/pages\/63"}],"wp:attachment":[{"href":"https:\/\/cdvela.blogs.upv.es\/index.php?rest_route=%2Fwp%2Fv2%2Fmedia&parent=72"}],"curies":[{"name":"wp","href":"https:\/\/api.w.org\/{rel}","templated":true}]}}