{"id":68,"date":"2014-02-10T21:28:13","date_gmt":"2014-02-10T20:28:13","guid":{"rendered":"http:\/\/cdvela.blogs.upv.es\/?page_id=68"},"modified":"2014-02-16T18:51:46","modified_gmt":"2014-02-16T17:51:46","slug":"diario-de-las-embarcaciones-upv","status":"publish","type":"page","link":"https:\/\/cdvela.blogs.upv.es\/?page_id=68","title":{"rendered":"Diario de las embarcaciones UPV"},"content":{"rendered":"<p>Con el fin de cuantificar la dedicaci\u00f3n de los patrones y tripulantes a las embarcaciones de la UPV, se establece un diario en cada barco, donde se reflejar\u00e1n todas las actividades que se desarrollen a bordo. Este documento se cumplimentar\u00e1 por el patr\u00f3n responsable de la actividad.<\/p>\n<p>El diario ser\u00e1 un documento electr\u00f3nico que estar\u00e1 a disposici\u00f3n de todos los integrantes del proyecto.<\/p>\n<p>Asimismo, se llevar\u00e1 un inventario de material de cada una de las embarcaciones. Es responsabilidad de los patrones supervisar y actualizar el inventario de material.<\/p>\n","protected":false},"excerpt":{"rendered":"<p>Con el fin de cuantificar la dedicaci\u00f3n de los patrones y tripulantes a las embarcaciones de la UPV, se establece un diario en cada barco, donde se reflejar\u00e1n todas las [&hellip;]<\/p>\n","protected":false},"author":109,"featured_media":0,"parent":63,"menu_order":3,"comment_status":"closed","ping_status":"open","template":"template-sidebar-right.php","meta":{"footnotes":""},"class_list":["post-68","page","type-page","status-publish","hentry"],"yoast_head":"<!-- This site is optimized with the Yoast SEO plugin v27.3 - https:\/\/yoast.com\/product\/yoast-seo-wordpress\/ -->\n<title>Diario de las embarcaciones UPV - Equipo de Regatas de Vela de la UPV<\/title>\n<meta name=\"robots\" content=\"index, follow, max-snippet:-1, max-image-preview:large, max-video-preview:-1\" \/>\n<link rel=\"canonical\" href=\"https:\/\/cdvela.blogs.upv.es\/?page_id=68\" \/>\n<meta property=\"og:locale\" content=\"es_ES\" \/>\n<meta property=\"og:type\" content=\"article\" \/>\n<meta property=\"og:title\" content=\"Diario de las embarcaciones UPV - Equipo de Regatas de Vela de la UPV\" \/>\n<meta property=\"og:description\" content=\"Con el fin de cuantificar la dedicaci\u00f3n de los patrones y tripulantes a las embarcaciones de la UPV, se establece un diario en cada barco, donde se reflejar\u00e1n todas las [&hellip;]\" \/>\n<meta property=\"og:url\" content=\"https:\/\/cdvela.blogs.upv.es\/?page_id=68\" \/>\n<meta property=\"og:site_name\" content=\"Equipo de Regatas de Vela de la UPV\" \/>\n<meta property=\"article:modified_time\" content=\"2014-02-16T17:51:46+00:00\" \/>\n<meta name=\"twitter:card\" content=\"summary_large_image\" \/>\n<script type=\"application\/ld+json\" class=\"yoast-schema-graph\">{\"@context\":\"https:\\\/\\\/schema.org\",\"@graph\":[{\"@type\":\"WebPage\",\"@id\":\"https:\\\/\\\/cdvela.blogs.upv.es\\\/?page_id=68\",\"url\":\"https:\\\/\\\/cdvela.blogs.upv.es\\\/?page_id=68\",\"name\":\"Diario de las embarcaciones UPV - Equipo de Regatas de Vela de la UPV\",\"isPartOf\":{\"@id\":\"https:\\\/\\\/cdvela.blogs.upv.es\\\/#website\"},\"datePublished\":\"2014-02-10T20:28:13+00:00\",\"dateModified\":\"2014-02-16T17:51:46+00:00\",\"breadcrumb\":{\"@id\":\"https:\\\/\\\/cdvela.blogs.upv.es\\\/?page_id=68#breadcrumb\"},\"inLanguage\":\"es\",\"potentialAction\":[{\"@type\":\"ReadAction\",\"target\":[\"https:\\\/\\\/cdvela.blogs.upv.es\\\/?page_id=68\"]}]},{\"@type\":\"BreadcrumbList\",\"@id\":\"https:\\\/\\\/cdvela.blogs.upv.es\\\/?page_id=68#breadcrumb\",\"itemListElement\":[{\"@type\":\"ListItem\",\"position\":1,\"name\":\"Portada\",\"item\":\"https:\\\/\\\/cdvela.blogs.upv.es\\\/\"},{\"@type\":\"ListItem\",\"position\":2,\"name\":\"Actividades\",\"item\":\"https:\\\/\\\/cdvela.blogs.upv.es\\\/?page_id=47\"},{\"@type\":\"ListItem\",\"position\":3,\"name\":\"Gesti\u00f3n y mantenimiento de las embarcaciones de la UPV\",\"item\":\"https:\\\/\\\/cdvela.blogs.upv.es\\\/?page_id=63\"},{\"@type\":\"ListItem\",\"position\":4,\"name\":\"Diario de las embarcaciones UPV\"}]},{\"@type\":\"WebSite\",\"@id\":\"https:\\\/\\\/cdvela.blogs.upv.es\\\/#website\",\"url\":\"https:\\\/\\\/cdvela.blogs.upv.es\\\/\",\"name\":\"Equipo de Regatas de Vela de la UPV\",\"description\":\"Web del Equipo de Regatas de Vela modalidad crucero de la UPV\",\"potentialAction\":[{\"@type\":\"SearchAction\",\"target\":{\"@type\":\"EntryPoint\",\"urlTemplate\":\"https:\\\/\\\/cdvela.blogs.upv.es\\\/?s={search_term_string}\"},\"query-input\":{\"@type\":\"PropertyValueSpecification\",\"valueRequired\":true,\"valueName\":\"search_term_string\"}}],\"inLanguage\":\"es\"}]}<\/script>\n<!-- \/ Yoast SEO plugin. -->","yoast_head_json":{"title":"Diario de las embarcaciones UPV - Equipo de Regatas de Vela de la UPV","robots":{"index":"index","follow":"follow","max-snippet":"max-snippet:-1","max-image-preview":"max-image-preview:large","max-video-preview":"max-video-preview:-1"},"canonical":"https:\/\/cdvela.blogs.upv.es\/?page_id=68","og_locale":"es_ES","og_type":"article","og_title":"Diario de las embarcaciones UPV - Equipo de Regatas de Vela de la UPV","og_description":"Con el fin de cuantificar la dedicaci\u00f3n de los patrones y tripulantes a las embarcaciones de la UPV, se establece un diario en cada barco, donde se reflejar\u00e1n todas las [&hellip;]","og_url":"https:\/\/cdvela.blogs.upv.es\/?page_id=68","og_site_name":"Equipo de Regatas de Vela de la UPV","article_modified_time":"2014-02-16T17:51:46+00:00","twitter_card":"summary_large_image","schema":{"@context":"https:\/\/schema.org","@graph":[{"@type":"WebPage","@id":"https:\/\/cdvela.blogs.upv.es\/?page_id=68","url":"https:\/\/cdvela.blogs.upv.es\/?page_id=68","name":"Diario de las embarcaciones UPV - Equipo de Regatas de Vela de la UPV","isPartOf":{"@id":"https:\/\/cdvela.blogs.upv.es\/#website"},"datePublished":"2014-02-10T20:28:13+00:00","dateModified":"2014-02-16T17:51:46+00:00","breadcrumb":{"@id":"https:\/\/cdvela.blogs.upv.es\/?page_id=68#breadcrumb"},"inLanguage":"es","potentialAction":[{"@type":"ReadAction","target":["https:\/\/cdvela.blogs.upv.es\/?page_id=68"]}]},{"@type":"BreadcrumbList","@id":"https:\/\/cdvela.blogs.upv.es\/?page_id=68#breadcrumb","itemListElement":[{"@type":"ListItem","position":1,"name":"Portada","item":"https:\/\/cdvela.blogs.upv.es\/"},{"@type":"ListItem","position":2,"name":"Actividades","item":"https:\/\/cdvela.blogs.upv.es\/?page_id=47"},{"@type":"ListItem","position":3,"name":"Gesti\u00f3n y mantenimiento de las embarcaciones de la UPV","item":"https:\/\/cdvela.blogs.upv.es\/?page_id=63"},{"@type":"ListItem","position":4,"name":"Diario de las embarcaciones UPV"}]},{"@type":"WebSite","@id":"https:\/\/cdvela.blogs.upv.es\/#website","url":"https:\/\/cdvela.blogs.upv.es\/","name":"Equipo de Regatas de Vela de la UPV","description":"Web del Equipo de Regatas de Vela modalidad crucero de la UPV","potentialAction":[{"@type":"SearchAction","target":{"@type":"EntryPoint","urlTemplate":"https:\/\/cdvela.blogs.upv.es\/?s={search_term_string}"},"query-input":{"@type":"PropertyValueSpecification","valueRequired":true,"valueName":"search_term_string"}}],"inLanguage":"es"}]}},"_links":{"self":[{"href":"https:\/\/cdvela.blogs.upv.es\/index.php?rest_route=\/wp\/v2\/pages\/68","targetHints":{"allow":["GET"]}}],"collection":[{"href":"https:\/\/cdvela.blogs.upv.es\/index.php?rest_route=\/wp\/v2\/pages"}],"about":[{"href":"https:\/\/cdvela.blogs.upv.es\/index.php?rest_route=\/wp\/v2\/types\/page"}],"author":[{"embeddable":true,"href":"https:\/\/cdvela.blogs.upv.es\/index.php?rest_route=\/wp\/v2\/users\/109"}],"replies":[{"embeddable":true,"href":"https:\/\/cdvela.blogs.upv.es\/index.php?rest_route=%2Fwp%2Fv2%2Fcomments&post=68"}],"version-history":[{"count":0,"href":"https:\/\/cdvela.blogs.upv.es\/index.php?rest_route=\/wp\/v2\/pages\/68\/revisions"}],"up":[{"embeddable":true,"href":"https:\/\/cdvela.blogs.upv.es\/index.php?rest_route=\/wp\/v2\/pages\/63"}],"wp:attachment":[{"href":"https:\/\/cdvela.blogs.upv.es\/index.php?rest_route=%2Fwp%2Fv2%2Fmedia&parent=68"}],"curies":[{"name":"wp","href":"https:\/\/api.w.org\/{rel}","templated":true}]}}