{"id":63,"date":"2014-02-10T21:21:44","date_gmt":"2014-02-10T20:21:44","guid":{"rendered":"http:\/\/cdvela.blogs.upv.es\/?page_id=63"},"modified":"2014-02-10T21:39:12","modified_gmt":"2014-02-10T20:39:12","slug":"gestion-y-mantenimiento-de-las-embarcaciones-de-la-upv","status":"publish","type":"page","link":"https:\/\/cdvela.blogs.upv.es\/?page_id=63","title":{"rendered":"Gesti\u00f3n y mantenimiento de las embarcaciones de la UPV"},"content":{"rendered":"<p>Los participantes en este proyecto se encargar\u00e1n de la gesti\u00f3n y el mantenimiento de las embarcaciones de la UPV siempre dentro de sus posibilidades y bajo la autorizaci\u00f3n del \u00c1rea de Deportes de la UPV.<\/p>\n<p>Las tareas a realizar se clasifica<\/p>\n<ul>\n<li><a title=\"Mantenimiento\" href=\"http:\/\/cdvela.blogs.upv.es\/?p=61\">Mantenimiento<\/a><\/li>\n<li><a title=\"Gesti\u00f3n de las embarcaciones UPV\" href=\"http:\/\/cdvela.blogs.upv.es\/?p=66\">Gesti\u00f3n de las embarcaciones UPV<\/a><\/li>\n<li><a title=\"Diario de las embarcaciones UPV\" href=\"http:\/\/cdvela.blogs.upv.es\/?p=68\">Diario de las embarcaciones UPV<\/a><\/li>\n<\/ul>\n<p>Derechos y obligaciones<\/p>\n<ul>\n<li><a title=\"Los Patrones\" href=\"http:\/\/cdvela.blogs.upv.es\/?p=70\">Los Patrones<\/a><\/li>\n<li><a title=\"Los Tripulantes\" href=\"http:\/\/cdvela.blogs.upv.es\/?p=72\">Los Tripulantes<\/a><\/li>\n<\/ul>\n<p>&nbsp;<\/p>\n","protected":false},"excerpt":{"rendered":"<p>Los participantes en este proyecto se encargar\u00e1n de la gesti\u00f3n y el mantenimiento de las embarcaciones de la UPV siempre dentro de sus posibilidades y bajo la autorizaci\u00f3n del \u00c1rea [&hellip;]<\/p>\n","protected":false},"author":109,"featured_media":0,"parent":47,"menu_order":4,"comment_status":"closed","ping_status":"open","template":"template-sidebar-right.php","meta":{"footnotes":""},"class_list":["post-63","page","type-page","status-publish","hentry"],"yoast_head":"<!-- This site is optimized with the Yoast SEO plugin v27.3 - https:\/\/yoast.com\/product\/yoast-seo-wordpress\/ -->\n<title>Gesti\u00f3n y mantenimiento de las embarcaciones de la UPV - Equipo de Regatas de Vela de la UPV<\/title>\n<meta name=\"robots\" content=\"index, follow, max-snippet:-1, max-image-preview:large, max-video-preview:-1\" \/>\n<link rel=\"canonical\" href=\"https:\/\/cdvela.blogs.upv.es\/?page_id=63\" \/>\n<meta property=\"og:locale\" content=\"es_ES\" \/>\n<meta property=\"og:type\" content=\"article\" \/>\n<meta property=\"og:title\" content=\"Gesti\u00f3n y mantenimiento de las embarcaciones de la UPV - Equipo de Regatas de Vela de la UPV\" \/>\n<meta property=\"og:description\" content=\"Los participantes en este proyecto se encargar\u00e1n de la gesti\u00f3n y el mantenimiento de las embarcaciones de la UPV siempre dentro de sus posibilidades y bajo la autorizaci\u00f3n del \u00c1rea [&hellip;]\" \/>\n<meta property=\"og:url\" content=\"https:\/\/cdvela.blogs.upv.es\/?page_id=63\" \/>\n<meta property=\"og:site_name\" content=\"Equipo de Regatas de Vela de la UPV\" \/>\n<meta property=\"article:modified_time\" content=\"2014-02-10T20:39:12+00:00\" \/>\n<meta name=\"twitter:card\" content=\"summary_large_image\" \/>\n<script type=\"application\/ld+json\" class=\"yoast-schema-graph\">{\"@context\":\"https:\\\/\\\/schema.org\",\"@graph\":[{\"@type\":\"WebPage\",\"@id\":\"https:\\\/\\\/cdvela.blogs.upv.es\\\/?page_id=63\",\"url\":\"https:\\\/\\\/cdvela.blogs.upv.es\\\/?page_id=63\",\"name\":\"Gesti\u00f3n y mantenimiento de las embarcaciones de la UPV - Equipo de Regatas de Vela de la UPV\",\"isPartOf\":{\"@id\":\"https:\\\/\\\/cdvela.blogs.upv.es\\\/#website\"},\"datePublished\":\"2014-02-10T20:21:44+00:00\",\"dateModified\":\"2014-02-10T20:39:12+00:00\",\"breadcrumb\":{\"@id\":\"https:\\\/\\\/cdvela.blogs.upv.es\\\/?page_id=63#breadcrumb\"},\"inLanguage\":\"es\",\"potentialAction\":[{\"@type\":\"ReadAction\",\"target\":[\"https:\\\/\\\/cdvela.blogs.upv.es\\\/?page_id=63\"]}]},{\"@type\":\"BreadcrumbList\",\"@id\":\"https:\\\/\\\/cdvela.blogs.upv.es\\\/?page_id=63#breadcrumb\",\"itemListElement\":[{\"@type\":\"ListItem\",\"position\":1,\"name\":\"Portada\",\"item\":\"https:\\\/\\\/cdvela.blogs.upv.es\\\/\"},{\"@type\":\"ListItem\",\"position\":2,\"name\":\"Actividades\",\"item\":\"https:\\\/\\\/cdvela.blogs.upv.es\\\/?page_id=47\"},{\"@type\":\"ListItem\",\"position\":3,\"name\":\"Gesti\u00f3n y mantenimiento de las embarcaciones de la UPV\"}]},{\"@type\":\"WebSite\",\"@id\":\"https:\\\/\\\/cdvela.blogs.upv.es\\\/#website\",\"url\":\"https:\\\/\\\/cdvela.blogs.upv.es\\\/\",\"name\":\"Equipo de Regatas de Vela de la UPV\",\"description\":\"Web del Equipo de Regatas de Vela modalidad crucero de la UPV\",\"potentialAction\":[{\"@type\":\"SearchAction\",\"target\":{\"@type\":\"EntryPoint\",\"urlTemplate\":\"https:\\\/\\\/cdvela.blogs.upv.es\\\/?s={search_term_string}\"},\"query-input\":{\"@type\":\"PropertyValueSpecification\",\"valueRequired\":true,\"valueName\":\"search_term_string\"}}],\"inLanguage\":\"es\"}]}<\/script>\n<!-- \/ Yoast SEO plugin. -->","yoast_head_json":{"title":"Gesti\u00f3n y mantenimiento de las embarcaciones de la UPV - Equipo de Regatas de Vela de la UPV","robots":{"index":"index","follow":"follow","max-snippet":"max-snippet:-1","max-image-preview":"max-image-preview:large","max-video-preview":"max-video-preview:-1"},"canonical":"https:\/\/cdvela.blogs.upv.es\/?page_id=63","og_locale":"es_ES","og_type":"article","og_title":"Gesti\u00f3n y mantenimiento de las embarcaciones de la UPV - Equipo de Regatas de Vela de la UPV","og_description":"Los participantes en este proyecto se encargar\u00e1n de la gesti\u00f3n y el mantenimiento de las embarcaciones de la UPV siempre dentro de sus posibilidades y bajo la autorizaci\u00f3n del \u00c1rea [&hellip;]","og_url":"https:\/\/cdvela.blogs.upv.es\/?page_id=63","og_site_name":"Equipo de Regatas de Vela de la UPV","article_modified_time":"2014-02-10T20:39:12+00:00","twitter_card":"summary_large_image","schema":{"@context":"https:\/\/schema.org","@graph":[{"@type":"WebPage","@id":"https:\/\/cdvela.blogs.upv.es\/?page_id=63","url":"https:\/\/cdvela.blogs.upv.es\/?page_id=63","name":"Gesti\u00f3n y mantenimiento de las embarcaciones de la UPV - Equipo de Regatas de Vela de la UPV","isPartOf":{"@id":"https:\/\/cdvela.blogs.upv.es\/#website"},"datePublished":"2014-02-10T20:21:44+00:00","dateModified":"2014-02-10T20:39:12+00:00","breadcrumb":{"@id":"https:\/\/cdvela.blogs.upv.es\/?page_id=63#breadcrumb"},"inLanguage":"es","potentialAction":[{"@type":"ReadAction","target":["https:\/\/cdvela.blogs.upv.es\/?page_id=63"]}]},{"@type":"BreadcrumbList","@id":"https:\/\/cdvela.blogs.upv.es\/?page_id=63#breadcrumb","itemListElement":[{"@type":"ListItem","position":1,"name":"Portada","item":"https:\/\/cdvela.blogs.upv.es\/"},{"@type":"ListItem","position":2,"name":"Actividades","item":"https:\/\/cdvela.blogs.upv.es\/?page_id=47"},{"@type":"ListItem","position":3,"name":"Gesti\u00f3n y mantenimiento de las embarcaciones de la UPV"}]},{"@type":"WebSite","@id":"https:\/\/cdvela.blogs.upv.es\/#website","url":"https:\/\/cdvela.blogs.upv.es\/","name":"Equipo de Regatas de Vela de la UPV","description":"Web del Equipo de Regatas de Vela modalidad crucero de la UPV","potentialAction":[{"@type":"SearchAction","target":{"@type":"EntryPoint","urlTemplate":"https:\/\/cdvela.blogs.upv.es\/?s={search_term_string}"},"query-input":{"@type":"PropertyValueSpecification","valueRequired":true,"valueName":"search_term_string"}}],"inLanguage":"es"}]}},"_links":{"self":[{"href":"https:\/\/cdvela.blogs.upv.es\/index.php?rest_route=\/wp\/v2\/pages\/63","targetHints":{"allow":["GET"]}}],"collection":[{"href":"https:\/\/cdvela.blogs.upv.es\/index.php?rest_route=\/wp\/v2\/pages"}],"about":[{"href":"https:\/\/cdvela.blogs.upv.es\/index.php?rest_route=\/wp\/v2\/types\/page"}],"author":[{"embeddable":true,"href":"https:\/\/cdvela.blogs.upv.es\/index.php?rest_route=\/wp\/v2\/users\/109"}],"replies":[{"embeddable":true,"href":"https:\/\/cdvela.blogs.upv.es\/index.php?rest_route=%2Fwp%2Fv2%2Fcomments&post=63"}],"version-history":[{"count":0,"href":"https:\/\/cdvela.blogs.upv.es\/index.php?rest_route=\/wp\/v2\/pages\/63\/revisions"}],"up":[{"embeddable":true,"href":"https:\/\/cdvela.blogs.upv.es\/index.php?rest_route=\/wp\/v2\/pages\/47"}],"wp:attachment":[{"href":"https:\/\/cdvela.blogs.upv.es\/index.php?rest_route=%2Fwp%2Fv2%2Fmedia&parent=63"}],"curies":[{"name":"wp","href":"https:\/\/api.w.org\/{rel}","templated":true}]}}