{"id":59,"date":"2014-02-10T21:18:41","date_gmt":"2014-02-10T20:18:41","guid":{"rendered":"http:\/\/cdvela.blogs.upv.es\/?page_id=59"},"modified":"2014-02-10T21:22:33","modified_gmt":"2014-02-10T20:22:33","slug":"practica-deportiva-federada","status":"publish","type":"page","link":"https:\/\/cdvela.blogs.upv.es\/?page_id=59","title":{"rendered":"Practica deportiva federada"},"content":{"rendered":"<p>Es intenci\u00f3n de los integrantes de este proyecto participar en las regatas organizadas por el Club N\u00e1utico de Valencia hasta agosto de 2014. Las actividades de competici\u00f3n se llevar\u00e1n a cabo con la embarcaci\u00f3n First 40.7 y Platu 25 de la UPV. Las actividades de competici\u00f3n se concentran en regatas locales, auton\u00f3micas y nacionales en las que se decide participar.<\/p>\n<p>Los gastos asociados a la pr\u00e1ctica deportiva ser\u00e1n a cargo de los deportistas integrantes en este proyecto, diferenciando los gastos asociados al uso de las embarcaciones de los gastos de inscripci\u00f3n a las regatas, si los hubiere. Los gastos asociados al uso ser\u00e1n cubiertos por todos los integrantes del proyecto, mientras que los gastos de inscripci\u00f3n se repartir\u00e1n entre los tripulantes que participen en las competiciones.<\/p>\n<p>Para poder hacer frente a los gastos se generar\u00e1 un fondo previo de 15 \u20ac por asociado y las derramas necesarias en funci\u00f3n de los gastos incurridos. Se llevar\u00e1 una contabilidad al d\u00eda y accesible por todos los participantes.<\/p>\n<p>Para poder participar es necesario que todos los tripulantes tengan la licencia competitiva en regla. La FVCV dispone de una cuota combinada de Licencia competitiva y Carnet de deportes por 70 \u20ac.<\/p>\n<p>En concreto, seg\u00fan el calendario de la Federaci\u00f3n de Vela de la Comunitat Valenciana para 2014, se tiene intenci\u00f3n de participar en los siguientes trofeos:<\/p>\n<p><b>Campeonato Auton\u00f3mico de Cruceros<\/b><\/p>\n<ul>\n<li>Trofeo Presidente (18 enero, 9 febrero y 9 de marzo). RCN Valencia.<\/li>\n<li>Trofeo Valencia-Vela (13 de abril). RCN Valencia<\/li>\n<li>Trofeo UPV (11 y 12 de mayo). RCN Valencia.<\/li>\n<li>Trofeo Dr. Luis Senis (15 y 16 de junio). RCN Valencia.<\/li>\n<li>Trofeo Home-Dona (29 de junio). RCN Valencia<\/li>\n<\/ul>\n<p><b>Campeonato de Espa\u00f1a zona Levante y Memorial Juan Moreno<\/b><\/p>\n<ul>\n<li>S. M. La Reina (julio). RCN Valencia.<\/li>\n<\/ul>\n<p>Hasta el momento, la cuota de inscripci\u00f3n en todos los trofeos excepto el de La Reina han sido gratuitos y se espera que contin\u00fae siendo as\u00ed. En el caso de La Reina, la inscripci\u00f3n en 2013 fue de 300 \u20ac<\/p>\n","protected":false},"excerpt":{"rendered":"<p>Es intenci\u00f3n de los integrantes de este proyecto participar en las regatas organizadas por el Club N\u00e1utico de Valencia hasta agosto de 2014. Las actividades de competici\u00f3n se llevar\u00e1n a [&hellip;]<\/p>\n","protected":false},"author":109,"featured_media":0,"parent":47,"menu_order":3,"comment_status":"closed","ping_status":"open","template":"template-sidebar-right.php","meta":{"footnotes":""},"class_list":["post-59","page","type-page","status-publish","hentry"],"yoast_head":"<!-- This site is optimized with the Yoast SEO plugin v27.3 - https:\/\/yoast.com\/product\/yoast-seo-wordpress\/ -->\n<title>Practica deportiva federada - Equipo de Regatas de Vela de la UPV<\/title>\n<meta name=\"robots\" content=\"index, follow, max-snippet:-1, max-image-preview:large, max-video-preview:-1\" \/>\n<link rel=\"canonical\" href=\"https:\/\/cdvela.blogs.upv.es\/?page_id=59\" \/>\n<meta property=\"og:locale\" content=\"es_ES\" \/>\n<meta property=\"og:type\" content=\"article\" \/>\n<meta property=\"og:title\" content=\"Practica deportiva federada - Equipo de Regatas de Vela de la UPV\" \/>\n<meta property=\"og:description\" content=\"Es intenci\u00f3n de los integrantes de este proyecto participar en las regatas organizadas por el Club N\u00e1utico de Valencia hasta agosto de 2014. Las actividades de competici\u00f3n se llevar\u00e1n a [&hellip;]\" \/>\n<meta property=\"og:url\" content=\"https:\/\/cdvela.blogs.upv.es\/?page_id=59\" \/>\n<meta property=\"og:site_name\" content=\"Equipo de Regatas de Vela de la UPV\" \/>\n<meta property=\"article:modified_time\" content=\"2014-02-10T20:22:33+00:00\" \/>\n<meta name=\"twitter:card\" content=\"summary_large_image\" \/>\n<meta name=\"twitter:label1\" content=\"Tiempo de lectura\" \/>\n\t<meta name=\"twitter:data1\" content=\"2 minutos\" \/>\n<script type=\"application\/ld+json\" class=\"yoast-schema-graph\">{\"@context\":\"https:\\\/\\\/schema.org\",\"@graph\":[{\"@type\":\"WebPage\",\"@id\":\"https:\\\/\\\/cdvela.blogs.upv.es\\\/?page_id=59\",\"url\":\"https:\\\/\\\/cdvela.blogs.upv.es\\\/?page_id=59\",\"name\":\"Practica deportiva federada - Equipo de Regatas de Vela de la UPV\",\"isPartOf\":{\"@id\":\"https:\\\/\\\/cdvela.blogs.upv.es\\\/#website\"},\"datePublished\":\"2014-02-10T20:18:41+00:00\",\"dateModified\":\"2014-02-10T20:22:33+00:00\",\"breadcrumb\":{\"@id\":\"https:\\\/\\\/cdvela.blogs.upv.es\\\/?page_id=59#breadcrumb\"},\"inLanguage\":\"es\",\"potentialAction\":[{\"@type\":\"ReadAction\",\"target\":[\"https:\\\/\\\/cdvela.blogs.upv.es\\\/?page_id=59\"]}]},{\"@type\":\"BreadcrumbList\",\"@id\":\"https:\\\/\\\/cdvela.blogs.upv.es\\\/?page_id=59#breadcrumb\",\"itemListElement\":[{\"@type\":\"ListItem\",\"position\":1,\"name\":\"Portada\",\"item\":\"https:\\\/\\\/cdvela.blogs.upv.es\\\/\"},{\"@type\":\"ListItem\",\"position\":2,\"name\":\"Actividades\",\"item\":\"https:\\\/\\\/cdvela.blogs.upv.es\\\/?page_id=47\"},{\"@type\":\"ListItem\",\"position\":3,\"name\":\"Practica deportiva federada\"}]},{\"@type\":\"WebSite\",\"@id\":\"https:\\\/\\\/cdvela.blogs.upv.es\\\/#website\",\"url\":\"https:\\\/\\\/cdvela.blogs.upv.es\\\/\",\"name\":\"Equipo de Regatas de Vela de la UPV\",\"description\":\"Web del Equipo de Regatas de Vela modalidad crucero de la UPV\",\"potentialAction\":[{\"@type\":\"SearchAction\",\"target\":{\"@type\":\"EntryPoint\",\"urlTemplate\":\"https:\\\/\\\/cdvela.blogs.upv.es\\\/?s={search_term_string}\"},\"query-input\":{\"@type\":\"PropertyValueSpecification\",\"valueRequired\":true,\"valueName\":\"search_term_string\"}}],\"inLanguage\":\"es\"}]}<\/script>\n<!-- \/ Yoast SEO plugin. -->","yoast_head_json":{"title":"Practica deportiva federada - Equipo de Regatas de Vela de la UPV","robots":{"index":"index","follow":"follow","max-snippet":"max-snippet:-1","max-image-preview":"max-image-preview:large","max-video-preview":"max-video-preview:-1"},"canonical":"https:\/\/cdvela.blogs.upv.es\/?page_id=59","og_locale":"es_ES","og_type":"article","og_title":"Practica deportiva federada - Equipo de Regatas de Vela de la UPV","og_description":"Es intenci\u00f3n de los integrantes de este proyecto participar en las regatas organizadas por el Club N\u00e1utico de Valencia hasta agosto de 2014. Las actividades de competici\u00f3n se llevar\u00e1n a [&hellip;]","og_url":"https:\/\/cdvela.blogs.upv.es\/?page_id=59","og_site_name":"Equipo de Regatas de Vela de la UPV","article_modified_time":"2014-02-10T20:22:33+00:00","twitter_card":"summary_large_image","twitter_misc":{"Tiempo de lectura":"2 minutos"},"schema":{"@context":"https:\/\/schema.org","@graph":[{"@type":"WebPage","@id":"https:\/\/cdvela.blogs.upv.es\/?page_id=59","url":"https:\/\/cdvela.blogs.upv.es\/?page_id=59","name":"Practica deportiva federada - Equipo de Regatas de Vela de la UPV","isPartOf":{"@id":"https:\/\/cdvela.blogs.upv.es\/#website"},"datePublished":"2014-02-10T20:18:41+00:00","dateModified":"2014-02-10T20:22:33+00:00","breadcrumb":{"@id":"https:\/\/cdvela.blogs.upv.es\/?page_id=59#breadcrumb"},"inLanguage":"es","potentialAction":[{"@type":"ReadAction","target":["https:\/\/cdvela.blogs.upv.es\/?page_id=59"]}]},{"@type":"BreadcrumbList","@id":"https:\/\/cdvela.blogs.upv.es\/?page_id=59#breadcrumb","itemListElement":[{"@type":"ListItem","position":1,"name":"Portada","item":"https:\/\/cdvela.blogs.upv.es\/"},{"@type":"ListItem","position":2,"name":"Actividades","item":"https:\/\/cdvela.blogs.upv.es\/?page_id=47"},{"@type":"ListItem","position":3,"name":"Practica deportiva federada"}]},{"@type":"WebSite","@id":"https:\/\/cdvela.blogs.upv.es\/#website","url":"https:\/\/cdvela.blogs.upv.es\/","name":"Equipo de Regatas de Vela de la UPV","description":"Web del Equipo de Regatas de Vela modalidad crucero de la UPV","potentialAction":[{"@type":"SearchAction","target":{"@type":"EntryPoint","urlTemplate":"https:\/\/cdvela.blogs.upv.es\/?s={search_term_string}"},"query-input":{"@type":"PropertyValueSpecification","valueRequired":true,"valueName":"search_term_string"}}],"inLanguage":"es"}]}},"_links":{"self":[{"href":"https:\/\/cdvela.blogs.upv.es\/index.php?rest_route=\/wp\/v2\/pages\/59","targetHints":{"allow":["GET"]}}],"collection":[{"href":"https:\/\/cdvela.blogs.upv.es\/index.php?rest_route=\/wp\/v2\/pages"}],"about":[{"href":"https:\/\/cdvela.blogs.upv.es\/index.php?rest_route=\/wp\/v2\/types\/page"}],"author":[{"embeddable":true,"href":"https:\/\/cdvela.blogs.upv.es\/index.php?rest_route=\/wp\/v2\/users\/109"}],"replies":[{"embeddable":true,"href":"https:\/\/cdvela.blogs.upv.es\/index.php?rest_route=%2Fwp%2Fv2%2Fcomments&post=59"}],"version-history":[{"count":0,"href":"https:\/\/cdvela.blogs.upv.es\/index.php?rest_route=\/wp\/v2\/pages\/59\/revisions"}],"up":[{"embeddable":true,"href":"https:\/\/cdvela.blogs.upv.es\/index.php?rest_route=\/wp\/v2\/pages\/47"}],"wp:attachment":[{"href":"https:\/\/cdvela.blogs.upv.es\/index.php?rest_route=%2Fwp%2Fv2%2Fmedia&parent=59"}],"curies":[{"name":"wp","href":"https:\/\/api.w.org\/{rel}","templated":true}]}}