{"id":53,"date":"2014-02-10T21:06:23","date_gmt":"2014-02-10T20:06:23","guid":{"rendered":"http:\/\/cdvela.blogs.upv.es\/?page_id=53"},"modified":"2014-03-13T11:58:50","modified_gmt":"2014-03-13T10:58:50","slug":"formacion-de-tripulantes","status":"publish","type":"page","link":"https:\/\/cdvela.blogs.upv.es\/?page_id=53","title":{"rendered":"Formaci\u00f3n de tripulantes"},"content":{"rendered":"<p>A lo largo de la historia de la Secci\u00f3n de Vela del Club Deportivo UPV se han venido formando tripulantes que han terminado formando parte de la tripulaci\u00f3n de los barcos de la UPV o de otros barcos que compiten regularmente en aguas de la Comunitat Valenciana. De hecho, la rotaci\u00f3n de personas en la secci\u00f3n ha sido una de las caracter\u00edsticas principales de la secci\u00f3n.<\/p>\n<p>En esta nueva etapa, creemos que la formaci\u00f3n deportiva en vela dentro del \u00e1mbito del\u00a0Servicio de Deportes de la UPV debe ser una de las actividades principales de este proyecto.<\/p>\n<p>En este momento, forman parte del proyecto tripulantes con experiencia junto con otros deportistas que est\u00e1n comenzando y que tienen poca experiencia.<\/p>\n<p>La actividad consistir\u00e1 en programar salidas peri\u00f3dicas (semanales o quincenales) con las embarcaciones de la UPV. La tripulaci\u00f3n para estas salidas estar\u00e1 integrada por un patr\u00f3n y algunos miembros expertos de la tripulaci\u00f3n, dando cabida tambi\u00e9n a cualquier miembro del Equipo de Regatas UPV,\u00a0 hasta completar el n\u00famero m\u00e1ximo de tripulantes del barco. Paulatinamente, y a medida que los tripulantes vayan ganando experiencia, se podr\u00e1 sustituir a los tripulantes expertos por los nuevos miembros.<\/p>\n<p>En esta pr\u00e1ctica deportiva la seguridad, tanto del material como de las personas es lo primordial, por lo que se tendr\u00e1 muy en cuenta las condiciones meteorol\u00f3gicas previstas en funci\u00f3n de la experiencia de la tripulaci\u00f3n. El patr\u00f3n ser\u00e1 el que, en \u00faltima instancia, tome la decisi\u00f3n. En cualquier caso, para evitar roturas en el material, no se saldr\u00e1 si el viento supera los 20 nudos.<\/p>\n<p>Todos los participantes en esta actividad deber\u00e1n pertenecer a la Universitat Polit\u00e8cnica de Valencia y ser socios deportivos de la UPV. Con el fin de tener cubierto cualquier incidente en los entrenamientos, tambi\u00e9n se exigir\u00e1 que los participantes dispongan del Carnet Deportivo de la Federaci\u00f3n de Vela de la Comunitat Valenciana.<\/p>\n<p>Durante las salidas se realizar\u00e1n pr\u00e1cticas de maniobras b\u00e1sicas y trimado de velas, al tiempo que se instruir\u00e1 en el Reglamento de Regatas a Vela as\u00ed como en t\u00e1ctica y estrategia para competici\u00f3n.<\/p>\n<p>El objetivo final de esta actividad ser\u00e1 el disponer de una bolsa de tripulantes cualificada con la que se pueda realizar la pr\u00e1ctica competitiva con los barcos de la UPV o de otros barcos que puedan solicitar tripulantes a nuestro Grupo.<\/p>\n<p>Cualquier Socio del Club de Deportes podr\u00e1 participar en el proyecto siempre que cumpla las condiciones expuestas, se comprometa a realizar las actividades de mantenimiento de las embarcaciones y a cuidar debidamente en material<\/p>\n","protected":false},"excerpt":{"rendered":"<p>A lo largo de la historia de la Secci\u00f3n de Vela del Club Deportivo UPV se han venido formando tripulantes que han terminado formando parte de la tripulaci\u00f3n de los [&hellip;]<\/p>\n","protected":false},"author":109,"featured_media":0,"parent":47,"menu_order":2,"comment_status":"closed","ping_status":"open","template":"template-sidebar-right.php","meta":{"footnotes":""},"class_list":["post-53","page","type-page","status-publish","hentry"],"yoast_head":"<!-- This site is optimized with the Yoast SEO plugin v27.3 - https:\/\/yoast.com\/product\/yoast-seo-wordpress\/ -->\n<title>Formaci\u00f3n de tripulantes - Equipo de Regatas de Vela de la UPV<\/title>\n<meta name=\"robots\" content=\"index, follow, max-snippet:-1, max-image-preview:large, max-video-preview:-1\" \/>\n<link rel=\"canonical\" href=\"https:\/\/cdvela.blogs.upv.es\/?page_id=53\" \/>\n<meta property=\"og:locale\" content=\"es_ES\" \/>\n<meta property=\"og:type\" content=\"article\" \/>\n<meta property=\"og:title\" content=\"Formaci\u00f3n de tripulantes - Equipo de Regatas de Vela de la UPV\" \/>\n<meta property=\"og:description\" content=\"A lo largo de la historia de la Secci\u00f3n de Vela del Club Deportivo UPV se han venido formando tripulantes que han terminado formando parte de la tripulaci\u00f3n de los [&hellip;]\" \/>\n<meta property=\"og:url\" content=\"https:\/\/cdvela.blogs.upv.es\/?page_id=53\" \/>\n<meta property=\"og:site_name\" content=\"Equipo de Regatas de Vela de la UPV\" \/>\n<meta property=\"article:modified_time\" content=\"2014-03-13T10:58:50+00:00\" \/>\n<meta name=\"twitter:card\" content=\"summary_large_image\" \/>\n<meta name=\"twitter:label1\" content=\"Tiempo de lectura\" \/>\n\t<meta name=\"twitter:data1\" content=\"2 minutos\" \/>\n<script type=\"application\/ld+json\" class=\"yoast-schema-graph\">{\"@context\":\"https:\\\/\\\/schema.org\",\"@graph\":[{\"@type\":\"WebPage\",\"@id\":\"https:\\\/\\\/cdvela.blogs.upv.es\\\/?page_id=53\",\"url\":\"https:\\\/\\\/cdvela.blogs.upv.es\\\/?page_id=53\",\"name\":\"Formaci\u00f3n de tripulantes - Equipo de Regatas de Vela de la UPV\",\"isPartOf\":{\"@id\":\"https:\\\/\\\/cdvela.blogs.upv.es\\\/#website\"},\"datePublished\":\"2014-02-10T20:06:23+00:00\",\"dateModified\":\"2014-03-13T10:58:50+00:00\",\"breadcrumb\":{\"@id\":\"https:\\\/\\\/cdvela.blogs.upv.es\\\/?page_id=53#breadcrumb\"},\"inLanguage\":\"es\",\"potentialAction\":[{\"@type\":\"ReadAction\",\"target\":[\"https:\\\/\\\/cdvela.blogs.upv.es\\\/?page_id=53\"]}]},{\"@type\":\"BreadcrumbList\",\"@id\":\"https:\\\/\\\/cdvela.blogs.upv.es\\\/?page_id=53#breadcrumb\",\"itemListElement\":[{\"@type\":\"ListItem\",\"position\":1,\"name\":\"Portada\",\"item\":\"https:\\\/\\\/cdvela.blogs.upv.es\\\/\"},{\"@type\":\"ListItem\",\"position\":2,\"name\":\"Actividades\",\"item\":\"https:\\\/\\\/cdvela.blogs.upv.es\\\/?page_id=47\"},{\"@type\":\"ListItem\",\"position\":3,\"name\":\"Formaci\u00f3n de tripulantes\"}]},{\"@type\":\"WebSite\",\"@id\":\"https:\\\/\\\/cdvela.blogs.upv.es\\\/#website\",\"url\":\"https:\\\/\\\/cdvela.blogs.upv.es\\\/\",\"name\":\"Equipo de Regatas de Vela de la UPV\",\"description\":\"Web del Equipo de Regatas de Vela modalidad crucero de la UPV\",\"potentialAction\":[{\"@type\":\"SearchAction\",\"target\":{\"@type\":\"EntryPoint\",\"urlTemplate\":\"https:\\\/\\\/cdvela.blogs.upv.es\\\/?s={search_term_string}\"},\"query-input\":{\"@type\":\"PropertyValueSpecification\",\"valueRequired\":true,\"valueName\":\"search_term_string\"}}],\"inLanguage\":\"es\"}]}<\/script>\n<!-- \/ Yoast SEO plugin. -->","yoast_head_json":{"title":"Formaci\u00f3n de tripulantes - Equipo de Regatas de Vela de la UPV","robots":{"index":"index","follow":"follow","max-snippet":"max-snippet:-1","max-image-preview":"max-image-preview:large","max-video-preview":"max-video-preview:-1"},"canonical":"https:\/\/cdvela.blogs.upv.es\/?page_id=53","og_locale":"es_ES","og_type":"article","og_title":"Formaci\u00f3n de tripulantes - Equipo de Regatas de Vela de la UPV","og_description":"A lo largo de la historia de la Secci\u00f3n de Vela del Club Deportivo UPV se han venido formando tripulantes que han terminado formando parte de la tripulaci\u00f3n de los [&hellip;]","og_url":"https:\/\/cdvela.blogs.upv.es\/?page_id=53","og_site_name":"Equipo de Regatas de Vela de la UPV","article_modified_time":"2014-03-13T10:58:50+00:00","twitter_card":"summary_large_image","twitter_misc":{"Tiempo de lectura":"2 minutos"},"schema":{"@context":"https:\/\/schema.org","@graph":[{"@type":"WebPage","@id":"https:\/\/cdvela.blogs.upv.es\/?page_id=53","url":"https:\/\/cdvela.blogs.upv.es\/?page_id=53","name":"Formaci\u00f3n de tripulantes - Equipo de Regatas de Vela de la UPV","isPartOf":{"@id":"https:\/\/cdvela.blogs.upv.es\/#website"},"datePublished":"2014-02-10T20:06:23+00:00","dateModified":"2014-03-13T10:58:50+00:00","breadcrumb":{"@id":"https:\/\/cdvela.blogs.upv.es\/?page_id=53#breadcrumb"},"inLanguage":"es","potentialAction":[{"@type":"ReadAction","target":["https:\/\/cdvela.blogs.upv.es\/?page_id=53"]}]},{"@type":"BreadcrumbList","@id":"https:\/\/cdvela.blogs.upv.es\/?page_id=53#breadcrumb","itemListElement":[{"@type":"ListItem","position":1,"name":"Portada","item":"https:\/\/cdvela.blogs.upv.es\/"},{"@type":"ListItem","position":2,"name":"Actividades","item":"https:\/\/cdvela.blogs.upv.es\/?page_id=47"},{"@type":"ListItem","position":3,"name":"Formaci\u00f3n de tripulantes"}]},{"@type":"WebSite","@id":"https:\/\/cdvela.blogs.upv.es\/#website","url":"https:\/\/cdvela.blogs.upv.es\/","name":"Equipo de Regatas de Vela de la UPV","description":"Web del Equipo de Regatas de Vela modalidad crucero de la UPV","potentialAction":[{"@type":"SearchAction","target":{"@type":"EntryPoint","urlTemplate":"https:\/\/cdvela.blogs.upv.es\/?s={search_term_string}"},"query-input":{"@type":"PropertyValueSpecification","valueRequired":true,"valueName":"search_term_string"}}],"inLanguage":"es"}]}},"_links":{"self":[{"href":"https:\/\/cdvela.blogs.upv.es\/index.php?rest_route=\/wp\/v2\/pages\/53","targetHints":{"allow":["GET"]}}],"collection":[{"href":"https:\/\/cdvela.blogs.upv.es\/index.php?rest_route=\/wp\/v2\/pages"}],"about":[{"href":"https:\/\/cdvela.blogs.upv.es\/index.php?rest_route=\/wp\/v2\/types\/page"}],"author":[{"embeddable":true,"href":"https:\/\/cdvela.blogs.upv.es\/index.php?rest_route=\/wp\/v2\/users\/109"}],"replies":[{"embeddable":true,"href":"https:\/\/cdvela.blogs.upv.es\/index.php?rest_route=%2Fwp%2Fv2%2Fcomments&post=53"}],"version-history":[{"count":0,"href":"https:\/\/cdvela.blogs.upv.es\/index.php?rest_route=\/wp\/v2\/pages\/53\/revisions"}],"up":[{"embeddable":true,"href":"https:\/\/cdvela.blogs.upv.es\/index.php?rest_route=\/wp\/v2\/pages\/47"}],"wp:attachment":[{"href":"https:\/\/cdvela.blogs.upv.es\/index.php?rest_route=%2Fwp%2Fv2%2Fmedia&parent=53"}],"curies":[{"name":"wp","href":"https:\/\/api.w.org\/{rel}","templated":true}]}}