{"id":49,"date":"2014-02-10T21:00:10","date_gmt":"2014-02-10T20:00:10","guid":{"rendered":"http:\/\/cdvela.blogs.upv.es\/?page_id=49"},"modified":"2016-10-13T07:38:58","modified_gmt":"2016-10-13T06:38:58","slug":"reuniones-mensuales","status":"publish","type":"page","link":"https:\/\/cdvela.blogs.upv.es\/?page_id=49","title":{"rendered":"Reuniones mensuales"},"content":{"rendered":"<p>Se realizar\u00e1n reuniones mensuales para informar sobre las actividades realizadas y planes para el siguiente mes. Tambi\u00e9n se atender\u00e1 a cualquier miembro de la comunidad universitaria que est\u00e9 interesado en la pr\u00e1ctica deportiva de vela.<\/p>\n<p>En ocasiones, coincidiendo con las reuniones, se impartir\u00e1n charlas o seminarios t\u00e9cnicos relacionados con el mundo de la vela.<\/p>\n","protected":false},"excerpt":{"rendered":"<p>Se realizar\u00e1n reuniones mensuales para informar sobre las actividades realizadas y planes para el siguiente mes. Tambi\u00e9n se atender\u00e1 a cualquier miembro de la comunidad universitaria que est\u00e9 interesado en [&hellip;]<\/p>\n","protected":false},"author":109,"featured_media":0,"parent":47,"menu_order":1,"comment_status":"closed","ping_status":"open","template":"template-sidebar-right.php","meta":{"footnotes":""},"class_list":["post-49","page","type-page","status-publish","hentry"],"yoast_head":"<!-- This site is optimized with the Yoast SEO plugin v27.3 - https:\/\/yoast.com\/product\/yoast-seo-wordpress\/ -->\n<title>Reuniones mensuales - Equipo de Regatas de Vela de la UPV<\/title>\n<meta name=\"robots\" content=\"index, follow, max-snippet:-1, max-image-preview:large, max-video-preview:-1\" \/>\n<link rel=\"canonical\" href=\"https:\/\/cdvela.blogs.upv.es\/?page_id=49\" \/>\n<meta property=\"og:locale\" content=\"es_ES\" \/>\n<meta property=\"og:type\" content=\"article\" \/>\n<meta property=\"og:title\" content=\"Reuniones mensuales - Equipo de Regatas de Vela de la UPV\" \/>\n<meta property=\"og:description\" content=\"Se realizar\u00e1n reuniones mensuales para informar sobre las actividades realizadas y planes para el siguiente mes. Tambi\u00e9n se atender\u00e1 a cualquier miembro de la comunidad universitaria que est\u00e9 interesado en [&hellip;]\" \/>\n<meta property=\"og:url\" content=\"https:\/\/cdvela.blogs.upv.es\/?page_id=49\" \/>\n<meta property=\"og:site_name\" content=\"Equipo de Regatas de Vela de la UPV\" \/>\n<meta property=\"article:modified_time\" content=\"2016-10-13T06:38:58+00:00\" \/>\n<meta name=\"twitter:card\" content=\"summary_large_image\" \/>\n<script type=\"application\/ld+json\" class=\"yoast-schema-graph\">{\"@context\":\"https:\\\/\\\/schema.org\",\"@graph\":[{\"@type\":\"WebPage\",\"@id\":\"https:\\\/\\\/cdvela.blogs.upv.es\\\/?page_id=49\",\"url\":\"https:\\\/\\\/cdvela.blogs.upv.es\\\/?page_id=49\",\"name\":\"Reuniones mensuales - Equipo de Regatas de Vela de la UPV\",\"isPartOf\":{\"@id\":\"https:\\\/\\\/cdvela.blogs.upv.es\\\/#website\"},\"datePublished\":\"2014-02-10T20:00:10+00:00\",\"dateModified\":\"2016-10-13T06:38:58+00:00\",\"breadcrumb\":{\"@id\":\"https:\\\/\\\/cdvela.blogs.upv.es\\\/?page_id=49#breadcrumb\"},\"inLanguage\":\"es\",\"potentialAction\":[{\"@type\":\"ReadAction\",\"target\":[\"https:\\\/\\\/cdvela.blogs.upv.es\\\/?page_id=49\"]}]},{\"@type\":\"BreadcrumbList\",\"@id\":\"https:\\\/\\\/cdvela.blogs.upv.es\\\/?page_id=49#breadcrumb\",\"itemListElement\":[{\"@type\":\"ListItem\",\"position\":1,\"name\":\"Portada\",\"item\":\"https:\\\/\\\/cdvela.blogs.upv.es\\\/\"},{\"@type\":\"ListItem\",\"position\":2,\"name\":\"Actividades\",\"item\":\"https:\\\/\\\/cdvela.blogs.upv.es\\\/?page_id=47\"},{\"@type\":\"ListItem\",\"position\":3,\"name\":\"Reuniones mensuales\"}]},{\"@type\":\"WebSite\",\"@id\":\"https:\\\/\\\/cdvela.blogs.upv.es\\\/#website\",\"url\":\"https:\\\/\\\/cdvela.blogs.upv.es\\\/\",\"name\":\"Equipo de Regatas de Vela de la UPV\",\"description\":\"Web del Equipo de Regatas de Vela modalidad crucero de la UPV\",\"potentialAction\":[{\"@type\":\"SearchAction\",\"target\":{\"@type\":\"EntryPoint\",\"urlTemplate\":\"https:\\\/\\\/cdvela.blogs.upv.es\\\/?s={search_term_string}\"},\"query-input\":{\"@type\":\"PropertyValueSpecification\",\"valueRequired\":true,\"valueName\":\"search_term_string\"}}],\"inLanguage\":\"es\"}]}<\/script>\n<!-- \/ Yoast SEO plugin. -->","yoast_head_json":{"title":"Reuniones mensuales - Equipo de Regatas de Vela de la UPV","robots":{"index":"index","follow":"follow","max-snippet":"max-snippet:-1","max-image-preview":"max-image-preview:large","max-video-preview":"max-video-preview:-1"},"canonical":"https:\/\/cdvela.blogs.upv.es\/?page_id=49","og_locale":"es_ES","og_type":"article","og_title":"Reuniones mensuales - Equipo de Regatas de Vela de la UPV","og_description":"Se realizar\u00e1n reuniones mensuales para informar sobre las actividades realizadas y planes para el siguiente mes. Tambi\u00e9n se atender\u00e1 a cualquier miembro de la comunidad universitaria que est\u00e9 interesado en [&hellip;]","og_url":"https:\/\/cdvela.blogs.upv.es\/?page_id=49","og_site_name":"Equipo de Regatas de Vela de la UPV","article_modified_time":"2016-10-13T06:38:58+00:00","twitter_card":"summary_large_image","schema":{"@context":"https:\/\/schema.org","@graph":[{"@type":"WebPage","@id":"https:\/\/cdvela.blogs.upv.es\/?page_id=49","url":"https:\/\/cdvela.blogs.upv.es\/?page_id=49","name":"Reuniones mensuales - Equipo de Regatas de Vela de la UPV","isPartOf":{"@id":"https:\/\/cdvela.blogs.upv.es\/#website"},"datePublished":"2014-02-10T20:00:10+00:00","dateModified":"2016-10-13T06:38:58+00:00","breadcrumb":{"@id":"https:\/\/cdvela.blogs.upv.es\/?page_id=49#breadcrumb"},"inLanguage":"es","potentialAction":[{"@type":"ReadAction","target":["https:\/\/cdvela.blogs.upv.es\/?page_id=49"]}]},{"@type":"BreadcrumbList","@id":"https:\/\/cdvela.blogs.upv.es\/?page_id=49#breadcrumb","itemListElement":[{"@type":"ListItem","position":1,"name":"Portada","item":"https:\/\/cdvela.blogs.upv.es\/"},{"@type":"ListItem","position":2,"name":"Actividades","item":"https:\/\/cdvela.blogs.upv.es\/?page_id=47"},{"@type":"ListItem","position":3,"name":"Reuniones mensuales"}]},{"@type":"WebSite","@id":"https:\/\/cdvela.blogs.upv.es\/#website","url":"https:\/\/cdvela.blogs.upv.es\/","name":"Equipo de Regatas de Vela de la UPV","description":"Web del Equipo de Regatas de Vela modalidad crucero de la UPV","potentialAction":[{"@type":"SearchAction","target":{"@type":"EntryPoint","urlTemplate":"https:\/\/cdvela.blogs.upv.es\/?s={search_term_string}"},"query-input":{"@type":"PropertyValueSpecification","valueRequired":true,"valueName":"search_term_string"}}],"inLanguage":"es"}]}},"_links":{"self":[{"href":"https:\/\/cdvela.blogs.upv.es\/index.php?rest_route=\/wp\/v2\/pages\/49","targetHints":{"allow":["GET"]}}],"collection":[{"href":"https:\/\/cdvela.blogs.upv.es\/index.php?rest_route=\/wp\/v2\/pages"}],"about":[{"href":"https:\/\/cdvela.blogs.upv.es\/index.php?rest_route=\/wp\/v2\/types\/page"}],"author":[{"embeddable":true,"href":"https:\/\/cdvela.blogs.upv.es\/index.php?rest_route=\/wp\/v2\/users\/109"}],"replies":[{"embeddable":true,"href":"https:\/\/cdvela.blogs.upv.es\/index.php?rest_route=%2Fwp%2Fv2%2Fcomments&post=49"}],"version-history":[{"count":0,"href":"https:\/\/cdvela.blogs.upv.es\/index.php?rest_route=\/wp\/v2\/pages\/49\/revisions"}],"up":[{"embeddable":true,"href":"https:\/\/cdvela.blogs.upv.es\/index.php?rest_route=\/wp\/v2\/pages\/47"}],"wp:attachment":[{"href":"https:\/\/cdvela.blogs.upv.es\/index.php?rest_route=%2Fwp%2Fv2%2Fmedia&parent=49"}],"curies":[{"name":"wp","href":"https:\/\/api.w.org\/{rel}","templated":true}]}}