{"id":47,"date":"2014-02-10T20:56:47","date_gmt":"2014-02-10T19:56:47","guid":{"rendered":"http:\/\/cdvela.blogs.upv.es\/?page_id=47"},"modified":"2019-06-26T09:00:27","modified_gmt":"2019-06-26T08:00:27","slug":"actividades","status":"publish","type":"page","link":"https:\/\/cdvela.blogs.upv.es\/?page_id=47","title":{"rendered":"Actividades"},"content":{"rendered":"<p>El Equipo de Regatas UPV realizar\u00e1 diversas actividades a lo largo del curso acad\u00e9mico abiertas a la participaci\u00f3n de todos los miembros de este grupo.<\/p>\n<p>Las actividades ser\u00e1n:<\/p>\n<ul>\n<li><a title=\"Reuniones mensuales\" href=\"http:\/\/cdvela.blogs.upv.es\/?p=49\">Reuniones mensuales<\/a><\/li>\n<li><a title=\"Formaci\u00f3n de tripulantes\" href=\"http:\/\/cdvela.blogs.upv.es\/?p=53\">Formaci\u00f3n de tripulantes<\/a><\/li>\n<li><a title=\"Pr\u00e1ctica deportiva federada\" href=\"http:\/\/cdvela.blogs.upv.es\/?p=59\">Pr\u00e1ctica deportiva federada<\/a><\/li>\n<li><a title=\"Gesti\u00f3n y mantenimiento de las embarcaciones\" href=\"http:\/\/cdvela.blogs.upv.es\/?p=63\">Gesti\u00f3n y mantenimiento de las embarcaciones<\/a><\/li>\n<\/ul>\n<p>&nbsp;<\/p>\n","protected":false},"excerpt":{"rendered":"<p>El Equipo de Regatas UPV realizar\u00e1 diversas actividades a lo largo del curso acad\u00e9mico abiertas a la participaci\u00f3n de todos los miembros de este grupo. Las actividades ser\u00e1n: Reuniones mensuales [&hellip;]<\/p>\n","protected":false},"author":109,"featured_media":0,"parent":0,"menu_order":2,"comment_status":"closed","ping_status":"open","template":"template-sidebar-right.php","meta":{"footnotes":""},"class_list":["post-47","page","type-page","status-publish","hentry"],"yoast_head":"<!-- This site is optimized with the Yoast SEO plugin v27.3 - https:\/\/yoast.com\/product\/yoast-seo-wordpress\/ -->\n<title>Actividades - Equipo de Regatas de Vela de la UPV<\/title>\n<meta name=\"robots\" content=\"index, follow, max-snippet:-1, max-image-preview:large, max-video-preview:-1\" \/>\n<link rel=\"canonical\" href=\"https:\/\/cdvela.blogs.upv.es\/?page_id=47\" \/>\n<meta property=\"og:locale\" content=\"es_ES\" \/>\n<meta property=\"og:type\" content=\"article\" \/>\n<meta property=\"og:title\" content=\"Actividades - Equipo de Regatas de Vela de la UPV\" \/>\n<meta property=\"og:description\" content=\"El Equipo de Regatas UPV realizar\u00e1 diversas actividades a lo largo del curso acad\u00e9mico abiertas a la participaci\u00f3n de todos los miembros de este grupo. Las actividades ser\u00e1n: Reuniones mensuales [&hellip;]\" \/>\n<meta property=\"og:url\" content=\"https:\/\/cdvela.blogs.upv.es\/?page_id=47\" \/>\n<meta property=\"og:site_name\" content=\"Equipo de Regatas de Vela de la UPV\" \/>\n<meta property=\"article:modified_time\" content=\"2019-06-26T08:00:27+00:00\" \/>\n<meta name=\"twitter:card\" content=\"summary_large_image\" \/>\n<script type=\"application\/ld+json\" class=\"yoast-schema-graph\">{\"@context\":\"https:\\\/\\\/schema.org\",\"@graph\":[{\"@type\":\"WebPage\",\"@id\":\"https:\\\/\\\/cdvela.blogs.upv.es\\\/?page_id=47\",\"url\":\"https:\\\/\\\/cdvela.blogs.upv.es\\\/?page_id=47\",\"name\":\"Actividades - Equipo de Regatas de Vela de la UPV\",\"isPartOf\":{\"@id\":\"https:\\\/\\\/cdvela.blogs.upv.es\\\/#website\"},\"datePublished\":\"2014-02-10T19:56:47+00:00\",\"dateModified\":\"2019-06-26T08:00:27+00:00\",\"breadcrumb\":{\"@id\":\"https:\\\/\\\/cdvela.blogs.upv.es\\\/?page_id=47#breadcrumb\"},\"inLanguage\":\"es\",\"potentialAction\":[{\"@type\":\"ReadAction\",\"target\":[\"https:\\\/\\\/cdvela.blogs.upv.es\\\/?page_id=47\"]}]},{\"@type\":\"BreadcrumbList\",\"@id\":\"https:\\\/\\\/cdvela.blogs.upv.es\\\/?page_id=47#breadcrumb\",\"itemListElement\":[{\"@type\":\"ListItem\",\"position\":1,\"name\":\"Portada\",\"item\":\"https:\\\/\\\/cdvela.blogs.upv.es\\\/\"},{\"@type\":\"ListItem\",\"position\":2,\"name\":\"Actividades\"}]},{\"@type\":\"WebSite\",\"@id\":\"https:\\\/\\\/cdvela.blogs.upv.es\\\/#website\",\"url\":\"https:\\\/\\\/cdvela.blogs.upv.es\\\/\",\"name\":\"Equipo de Regatas de Vela de la UPV\",\"description\":\"Web del Equipo de Regatas de Vela modalidad crucero de la UPV\",\"potentialAction\":[{\"@type\":\"SearchAction\",\"target\":{\"@type\":\"EntryPoint\",\"urlTemplate\":\"https:\\\/\\\/cdvela.blogs.upv.es\\\/?s={search_term_string}\"},\"query-input\":{\"@type\":\"PropertyValueSpecification\",\"valueRequired\":true,\"valueName\":\"search_term_string\"}}],\"inLanguage\":\"es\"}]}<\/script>\n<!-- \/ Yoast SEO plugin. -->","yoast_head_json":{"title":"Actividades - Equipo de Regatas de Vela de la UPV","robots":{"index":"index","follow":"follow","max-snippet":"max-snippet:-1","max-image-preview":"max-image-preview:large","max-video-preview":"max-video-preview:-1"},"canonical":"https:\/\/cdvela.blogs.upv.es\/?page_id=47","og_locale":"es_ES","og_type":"article","og_title":"Actividades - Equipo de Regatas de Vela de la UPV","og_description":"El Equipo de Regatas UPV realizar\u00e1 diversas actividades a lo largo del curso acad\u00e9mico abiertas a la participaci\u00f3n de todos los miembros de este grupo. Las actividades ser\u00e1n: Reuniones mensuales [&hellip;]","og_url":"https:\/\/cdvela.blogs.upv.es\/?page_id=47","og_site_name":"Equipo de Regatas de Vela de la UPV","article_modified_time":"2019-06-26T08:00:27+00:00","twitter_card":"summary_large_image","schema":{"@context":"https:\/\/schema.org","@graph":[{"@type":"WebPage","@id":"https:\/\/cdvela.blogs.upv.es\/?page_id=47","url":"https:\/\/cdvela.blogs.upv.es\/?page_id=47","name":"Actividades - Equipo de Regatas de Vela de la UPV","isPartOf":{"@id":"https:\/\/cdvela.blogs.upv.es\/#website"},"datePublished":"2014-02-10T19:56:47+00:00","dateModified":"2019-06-26T08:00:27+00:00","breadcrumb":{"@id":"https:\/\/cdvela.blogs.upv.es\/?page_id=47#breadcrumb"},"inLanguage":"es","potentialAction":[{"@type":"ReadAction","target":["https:\/\/cdvela.blogs.upv.es\/?page_id=47"]}]},{"@type":"BreadcrumbList","@id":"https:\/\/cdvela.blogs.upv.es\/?page_id=47#breadcrumb","itemListElement":[{"@type":"ListItem","position":1,"name":"Portada","item":"https:\/\/cdvela.blogs.upv.es\/"},{"@type":"ListItem","position":2,"name":"Actividades"}]},{"@type":"WebSite","@id":"https:\/\/cdvela.blogs.upv.es\/#website","url":"https:\/\/cdvela.blogs.upv.es\/","name":"Equipo de Regatas de Vela de la UPV","description":"Web del Equipo de Regatas de Vela modalidad crucero de la UPV","potentialAction":[{"@type":"SearchAction","target":{"@type":"EntryPoint","urlTemplate":"https:\/\/cdvela.blogs.upv.es\/?s={search_term_string}"},"query-input":{"@type":"PropertyValueSpecification","valueRequired":true,"valueName":"search_term_string"}}],"inLanguage":"es"}]}},"_links":{"self":[{"href":"https:\/\/cdvela.blogs.upv.es\/index.php?rest_route=\/wp\/v2\/pages\/47","targetHints":{"allow":["GET"]}}],"collection":[{"href":"https:\/\/cdvela.blogs.upv.es\/index.php?rest_route=\/wp\/v2\/pages"}],"about":[{"href":"https:\/\/cdvela.blogs.upv.es\/index.php?rest_route=\/wp\/v2\/types\/page"}],"author":[{"embeddable":true,"href":"https:\/\/cdvela.blogs.upv.es\/index.php?rest_route=\/wp\/v2\/users\/109"}],"replies":[{"embeddable":true,"href":"https:\/\/cdvela.blogs.upv.es\/index.php?rest_route=%2Fwp%2Fv2%2Fcomments&post=47"}],"version-history":[{"count":0,"href":"https:\/\/cdvela.blogs.upv.es\/index.php?rest_route=\/wp\/v2\/pages\/47\/revisions"}],"wp:attachment":[{"href":"https:\/\/cdvela.blogs.upv.es\/index.php?rest_route=%2Fwp%2Fv2%2Fmedia&parent=47"}],"curies":[{"name":"wp","href":"https:\/\/api.w.org\/{rel}","templated":true}]}}