{"id":34,"date":"2014-02-10T20:29:07","date_gmt":"2014-02-10T19:29:07","guid":{"rendered":"http:\/\/cdvela.blogs.upv.es\/?page_id=34"},"modified":"2020-12-23T11:00:41","modified_gmt":"2020-12-23T10:00:41","slug":"presentacion","status":"publish","type":"page","link":"https:\/\/cdvela.blogs.upv.es\/?page_id=34","title":{"rendered":"Presentaci\u00f3n"},"content":{"rendered":"<figure id=\"attachment_24\" aria-describedby=\"caption-attachment-24\" style=\"width: 300px\" class=\"wp-caption alignleft\"><a href=\"http:\/\/cdvela.blogs.upv.es\/wp-content\/uploads\/2014\/02\/FirstUPV.jpg\"><img loading=\"lazy\" decoding=\"async\" class=\"size-medium wp-image-24 \" title=\"First 40.7\" src=\"http:\/\/cdvela.blogs.upv.es\/wp-content\/uploads\/2014\/02\/FirstUPV-300x206.jpg\" alt=\"First 40.7\" width=\"300\" height=\"206\" srcset=\"https:\/\/cdvela.blogs.upv.es\/wp-content\/uploads\/2014\/02\/FirstUPV-300x206.jpg 300w, https:\/\/cdvela.blogs.upv.es\/wp-content\/uploads\/2014\/02\/FirstUPV.jpg 511w\" sizes=\"auto, (max-width: 300px) 100vw, 300px\" \/><\/a><figcaption id=\"caption-attachment-24\" class=\"wp-caption-text\">First 40.7<\/figcaption><\/figure>\n<p style=\"text-align: justify\">Un grupo de deportistas de la antigua secci\u00f3n de vela del Club Deportivo UPV, junto con otros miembros de la comunidad universitaria estamos interesados en promover la pr\u00e1ctica deportiva de vela en la modalidad de crucero<\/p>\n<p style=\"text-align: justify\">El objetivo del grupo es coordinar a\u00a0 todos aquellos socios de Deportes UPV que deseen comprometerse en nuestro proyecto y practicar el deporte de la vela. Con este fin, se realizan entrenamientos los fines de semana y se participa en las regatas organizadas por el Real Club N\u00e1utico de Valencia.<\/p>\n<p style=\"text-align: justify\">La UPV dispone de 2 barcos, un Beneteau First 40.7 con capacidad para 10 tripulantes y un Platu 25 con capacidad para 5 tripulantes. Actualmente toda la actividad se realiza en el First 40.7.<\/p>\n<figure id=\"attachment_38\" aria-describedby=\"caption-attachment-38\" style=\"width: 300px\" class=\"wp-caption alignright\"><a href=\"http:\/\/cdvela.blogs.upv.es\/wp-content\/uploads\/2014\/02\/PlatuUPV.jpg\"><img loading=\"lazy\" decoding=\"async\" class=\"size-medium wp-image-38 \" src=\"http:\/\/cdvela.blogs.upv.es\/wp-content\/uploads\/2014\/02\/PlatuUPV-300x246.jpg\" alt=\"Platu 25\" width=\"300\" height=\"246\" srcset=\"https:\/\/cdvela.blogs.upv.es\/wp-content\/uploads\/2014\/02\/PlatuUPV-300x246.jpg 300w, https:\/\/cdvela.blogs.upv.es\/wp-content\/uploads\/2014\/02\/PlatuUPV.jpg 433w\" sizes=\"auto, (max-width: 300px) 100vw, 300px\" \/><\/a><figcaption id=\"caption-attachment-38\" class=\"wp-caption-text\">Platu 25<\/figcaption><\/figure>\n<p style=\"text-align: justify\">Dadas las especiales caracter\u00edsticas de estas instalaciones, no es posible la reserva y uso libre de las mismas, tal y como se hace en el resto de las instalaciones deportivas de la UPV, siendo necesario coordinar a todos los interesados en esta pr\u00e1ctica deportiva y tener los barcos en condiciones de navegaci\u00f3n y seguridad \u00f3ptimas. Por este motivo, adem\u00e1s\u00a0 de la pr\u00e1ctica deportiva, debemos comprometernos a realizar las tareas de supervisi\u00f3n, mantenimiento y puesta a punto de los barcos.<\/p>\n","protected":false},"excerpt":{"rendered":"<p>Un grupo de deportistas de la antigua secci\u00f3n de vela del Club Deportivo UPV, junto con otros miembros de la comunidad universitaria estamos interesados en promover la pr\u00e1ctica deportiva de [&hellip;]<\/p>\n","protected":false},"author":109,"featured_media":0,"parent":0,"menu_order":1,"comment_status":"closed","ping_status":"open","template":"template-sidebar-right.php","meta":{"footnotes":""},"class_list":["post-34","page","type-page","status-publish","hentry"],"yoast_head":"<!-- This site is optimized with the Yoast SEO plugin v27.3 - https:\/\/yoast.com\/product\/yoast-seo-wordpress\/ -->\n<title>Presentaci\u00f3n - Equipo de Regatas de Vela de la UPV<\/title>\n<meta name=\"robots\" content=\"index, follow, max-snippet:-1, max-image-preview:large, max-video-preview:-1\" \/>\n<link rel=\"canonical\" href=\"https:\/\/cdvela.blogs.upv.es\/?page_id=34\" \/>\n<meta property=\"og:locale\" content=\"es_ES\" \/>\n<meta property=\"og:type\" content=\"article\" \/>\n<meta property=\"og:title\" content=\"Presentaci\u00f3n - Equipo de Regatas de Vela de la UPV\" \/>\n<meta property=\"og:description\" content=\"Un grupo de deportistas de la antigua secci\u00f3n de vela del Club Deportivo UPV, junto con otros miembros de la comunidad universitaria estamos interesados en promover la pr\u00e1ctica deportiva de [&hellip;]\" \/>\n<meta property=\"og:url\" content=\"https:\/\/cdvela.blogs.upv.es\/?page_id=34\" \/>\n<meta property=\"og:site_name\" content=\"Equipo de Regatas de Vela de la UPV\" \/>\n<meta property=\"article:modified_time\" content=\"2020-12-23T10:00:41+00:00\" \/>\n<meta property=\"og:image\" content=\"http:\/\/cdvela.blogs.upv.es\/wp-content\/uploads\/2014\/02\/FirstUPV-300x206.jpg\" \/>\n<meta name=\"twitter:card\" content=\"summary_large_image\" \/>\n<meta name=\"twitter:label1\" content=\"Tiempo de lectura\" \/>\n\t<meta name=\"twitter:data1\" content=\"1 minuto\" \/>\n<script type=\"application\/ld+json\" class=\"yoast-schema-graph\">{\"@context\":\"https:\\\/\\\/schema.org\",\"@graph\":[{\"@type\":\"WebPage\",\"@id\":\"https:\\\/\\\/cdvela.blogs.upv.es\\\/?page_id=34\",\"url\":\"https:\\\/\\\/cdvela.blogs.upv.es\\\/?page_id=34\",\"name\":\"Presentaci\u00f3n - Equipo de Regatas de Vela de la UPV\",\"isPartOf\":{\"@id\":\"https:\\\/\\\/cdvela.blogs.upv.es\\\/#website\"},\"primaryImageOfPage\":{\"@id\":\"https:\\\/\\\/cdvela.blogs.upv.es\\\/?page_id=34#primaryimage\"},\"image\":{\"@id\":\"https:\\\/\\\/cdvela.blogs.upv.es\\\/?page_id=34#primaryimage\"},\"thumbnailUrl\":\"http:\\\/\\\/cdvela.blogs.upv.es\\\/wp-content\\\/uploads\\\/2014\\\/02\\\/FirstUPV-300x206.jpg\",\"datePublished\":\"2014-02-10T19:29:07+00:00\",\"dateModified\":\"2020-12-23T10:00:41+00:00\",\"breadcrumb\":{\"@id\":\"https:\\\/\\\/cdvela.blogs.upv.es\\\/?page_id=34#breadcrumb\"},\"inLanguage\":\"es\",\"potentialAction\":[{\"@type\":\"ReadAction\",\"target\":[\"https:\\\/\\\/cdvela.blogs.upv.es\\\/?page_id=34\"]}]},{\"@type\":\"ImageObject\",\"inLanguage\":\"es\",\"@id\":\"https:\\\/\\\/cdvela.blogs.upv.es\\\/?page_id=34#primaryimage\",\"url\":\"https:\\\/\\\/cdvela.blogs.upv.es\\\/wp-content\\\/uploads\\\/2014\\\/02\\\/FirstUPV.jpg\",\"contentUrl\":\"https:\\\/\\\/cdvela.blogs.upv.es\\\/wp-content\\\/uploads\\\/2014\\\/02\\\/FirstUPV.jpg\",\"width\":511,\"height\":352},{\"@type\":\"BreadcrumbList\",\"@id\":\"https:\\\/\\\/cdvela.blogs.upv.es\\\/?page_id=34#breadcrumb\",\"itemListElement\":[{\"@type\":\"ListItem\",\"position\":1,\"name\":\"Portada\",\"item\":\"https:\\\/\\\/cdvela.blogs.upv.es\\\/\"},{\"@type\":\"ListItem\",\"position\":2,\"name\":\"Presentaci\u00f3n\"}]},{\"@type\":\"WebSite\",\"@id\":\"https:\\\/\\\/cdvela.blogs.upv.es\\\/#website\",\"url\":\"https:\\\/\\\/cdvela.blogs.upv.es\\\/\",\"name\":\"Equipo de Regatas de Vela de la UPV\",\"description\":\"Web del Equipo de Regatas de Vela modalidad crucero de la UPV\",\"potentialAction\":[{\"@type\":\"SearchAction\",\"target\":{\"@type\":\"EntryPoint\",\"urlTemplate\":\"https:\\\/\\\/cdvela.blogs.upv.es\\\/?s={search_term_string}\"},\"query-input\":{\"@type\":\"PropertyValueSpecification\",\"valueRequired\":true,\"valueName\":\"search_term_string\"}}],\"inLanguage\":\"es\"}]}<\/script>\n<!-- \/ Yoast SEO plugin. -->","yoast_head_json":{"title":"Presentaci\u00f3n - Equipo de Regatas de Vela de la UPV","robots":{"index":"index","follow":"follow","max-snippet":"max-snippet:-1","max-image-preview":"max-image-preview:large","max-video-preview":"max-video-preview:-1"},"canonical":"https:\/\/cdvela.blogs.upv.es\/?page_id=34","og_locale":"es_ES","og_type":"article","og_title":"Presentaci\u00f3n - Equipo de Regatas de Vela de la UPV","og_description":"Un grupo de deportistas de la antigua secci\u00f3n de vela del Club Deportivo UPV, junto con otros miembros de la comunidad universitaria estamos interesados en promover la pr\u00e1ctica deportiva de [&hellip;]","og_url":"https:\/\/cdvela.blogs.upv.es\/?page_id=34","og_site_name":"Equipo de Regatas de Vela de la UPV","article_modified_time":"2020-12-23T10:00:41+00:00","og_image":[{"url":"http:\/\/cdvela.blogs.upv.es\/wp-content\/uploads\/2014\/02\/FirstUPV-300x206.jpg","type":"","width":"","height":""}],"twitter_card":"summary_large_image","twitter_misc":{"Tiempo de lectura":"1 minuto"},"schema":{"@context":"https:\/\/schema.org","@graph":[{"@type":"WebPage","@id":"https:\/\/cdvela.blogs.upv.es\/?page_id=34","url":"https:\/\/cdvela.blogs.upv.es\/?page_id=34","name":"Presentaci\u00f3n - Equipo de Regatas de Vela de la UPV","isPartOf":{"@id":"https:\/\/cdvela.blogs.upv.es\/#website"},"primaryImageOfPage":{"@id":"https:\/\/cdvela.blogs.upv.es\/?page_id=34#primaryimage"},"image":{"@id":"https:\/\/cdvela.blogs.upv.es\/?page_id=34#primaryimage"},"thumbnailUrl":"http:\/\/cdvela.blogs.upv.es\/wp-content\/uploads\/2014\/02\/FirstUPV-300x206.jpg","datePublished":"2014-02-10T19:29:07+00:00","dateModified":"2020-12-23T10:00:41+00:00","breadcrumb":{"@id":"https:\/\/cdvela.blogs.upv.es\/?page_id=34#breadcrumb"},"inLanguage":"es","potentialAction":[{"@type":"ReadAction","target":["https:\/\/cdvela.blogs.upv.es\/?page_id=34"]}]},{"@type":"ImageObject","inLanguage":"es","@id":"https:\/\/cdvela.blogs.upv.es\/?page_id=34#primaryimage","url":"https:\/\/cdvela.blogs.upv.es\/wp-content\/uploads\/2014\/02\/FirstUPV.jpg","contentUrl":"https:\/\/cdvela.blogs.upv.es\/wp-content\/uploads\/2014\/02\/FirstUPV.jpg","width":511,"height":352},{"@type":"BreadcrumbList","@id":"https:\/\/cdvela.blogs.upv.es\/?page_id=34#breadcrumb","itemListElement":[{"@type":"ListItem","position":1,"name":"Portada","item":"https:\/\/cdvela.blogs.upv.es\/"},{"@type":"ListItem","position":2,"name":"Presentaci\u00f3n"}]},{"@type":"WebSite","@id":"https:\/\/cdvela.blogs.upv.es\/#website","url":"https:\/\/cdvela.blogs.upv.es\/","name":"Equipo de Regatas de Vela de la UPV","description":"Web del Equipo de Regatas de Vela modalidad crucero de la UPV","potentialAction":[{"@type":"SearchAction","target":{"@type":"EntryPoint","urlTemplate":"https:\/\/cdvela.blogs.upv.es\/?s={search_term_string}"},"query-input":{"@type":"PropertyValueSpecification","valueRequired":true,"valueName":"search_term_string"}}],"inLanguage":"es"}]}},"_links":{"self":[{"href":"https:\/\/cdvela.blogs.upv.es\/index.php?rest_route=\/wp\/v2\/pages\/34","targetHints":{"allow":["GET"]}}],"collection":[{"href":"https:\/\/cdvela.blogs.upv.es\/index.php?rest_route=\/wp\/v2\/pages"}],"about":[{"href":"https:\/\/cdvela.blogs.upv.es\/index.php?rest_route=\/wp\/v2\/types\/page"}],"author":[{"embeddable":true,"href":"https:\/\/cdvela.blogs.upv.es\/index.php?rest_route=\/wp\/v2\/users\/109"}],"replies":[{"embeddable":true,"href":"https:\/\/cdvela.blogs.upv.es\/index.php?rest_route=%2Fwp%2Fv2%2Fcomments&post=34"}],"version-history":[{"count":1,"href":"https:\/\/cdvela.blogs.upv.es\/index.php?rest_route=\/wp\/v2\/pages\/34\/revisions"}],"predecessor-version":[{"id":848,"href":"https:\/\/cdvela.blogs.upv.es\/index.php?rest_route=\/wp\/v2\/pages\/34\/revisions\/848"}],"wp:attachment":[{"href":"https:\/\/cdvela.blogs.upv.es\/index.php?rest_route=%2Fwp%2Fv2%2Fmedia&parent=34"}],"curies":[{"name":"wp","href":"https:\/\/api.w.org\/{rel}","templated":true}]}}