{"id":2,"date":"2014-02-10T14:11:52","date_gmt":"2014-02-10T14:11:52","guid":{"rendered":"http:\/\/cdvela.blogs.upv.es\/?page_id=2"},"modified":"2026-02-16T13:10:27","modified_gmt":"2026-02-16T12:10:27","slug":"pagina-ejemplo","status":"publish","type":"page","link":"https:\/\/cdvela.blogs.upv.es\/","title":{"rendered":"Bienvenidos"},"content":{"rendered":"<div class=\"wp-block-image\">\n<figure data-wp-context=\"{&quot;imageId&quot;:&quot;69f5ed565f7c9&quot;}\" data-wp-interactive=\"core\/image\" data-wp-key=\"69f5ed565f7c9\" class=\"aligncenter size-large is-resized wp-lightbox-container\"><img loading=\"lazy\" decoding=\"async\" width=\"1024\" height=\"682\" data-wp-class--hide=\"state.isContentHidden\" data-wp-class--show=\"state.isContentVisible\" data-wp-init=\"callbacks.setButtonStyles\" data-wp-on--click=\"actions.showLightbox\" data-wp-on--load=\"callbacks.setButtonStyles\" data-wp-on-window--resize=\"callbacks.setButtonStyles\" src=\"https:\/\/cdvela.blogs.upv.es\/wp-content\/uploads\/2023\/04\/IMG-20230423-WA0041-1-1024x682.jpg\" alt=\"\" class=\"wp-image-900\" style=\"width:479px;height:auto\" srcset=\"https:\/\/cdvela.blogs.upv.es\/wp-content\/uploads\/2023\/04\/IMG-20230423-WA0041-1-1024x682.jpg 1024w, https:\/\/cdvela.blogs.upv.es\/wp-content\/uploads\/2023\/04\/IMG-20230423-WA0041-1-300x200.jpg 300w, https:\/\/cdvela.blogs.upv.es\/wp-content\/uploads\/2023\/04\/IMG-20230423-WA0041-1-768x512.jpg 768w, https:\/\/cdvela.blogs.upv.es\/wp-content\/uploads\/2023\/04\/IMG-20230423-WA0041-1-1536x1023.jpg 1536w, https:\/\/cdvela.blogs.upv.es\/wp-content\/uploads\/2023\/04\/IMG-20230423-WA0041-1-75x50.jpg 75w, https:\/\/cdvela.blogs.upv.es\/wp-content\/uploads\/2023\/04\/IMG-20230423-WA0041-1.jpg 1600w\" sizes=\"auto, (max-width: 1024px) 100vw, 1024px\" \/><button\n\t\t\tclass=\"lightbox-trigger\"\n\t\t\ttype=\"button\"\n\t\t\taria-haspopup=\"dialog\"\n\t\t\taria-label=\"Agrandar\"\n\t\t\tdata-wp-init=\"callbacks.initTriggerButton\"\n\t\t\tdata-wp-on--click=\"actions.showLightbox\"\n\t\t\tdata-wp-style--right=\"state.imageButtonRight\"\n\t\t\tdata-wp-style--top=\"state.imageButtonTop\"\n\t\t>\n\t\t\t<svg xmlns=\"http:\/\/www.w3.org\/2000\/svg\" width=\"12\" height=\"12\" fill=\"none\" viewBox=\"0 0 12 12\">\n\t\t\t\t<path fill=\"#fff\" d=\"M2 0a2 2 0 0 0-2 2v2h1.5V2a.5.5 0 0 1 .5-.5h2V0H2Zm2 10.5H2a.5.5 0 0 1-.5-.5V8H0v2a2 2 0 0 0 2 2h2v-1.5ZM8 12v-1.5h2a.5.5 0 0 0 .5-.5V8H12v2a2 2 0 0 1-2 2H8Zm2-12a2 2 0 0 1 2 2v2h-1.5V2a.5.5 0 0 0-.5-.5H8V0h2Z\" \/>\n\t\t\t<\/svg>\n\t\t<\/button><\/figure>\n<\/div>\n\n\n<p>Este blog mantiene la informaci\u00f3n de los componentes del Equipo de Regatas de la Universitat Polit\u00e8cnica de Val\u00e8ncia.<\/p>\n\n\n\n<p>Si quieres ponerte en contacto con nosotros puedes enviar un email al correo cdvela@upvnet.upv.es<\/p>\n\n\n\n<h3 class=\"wp-block-heading\">Te esperamos!<\/h3>\n\n\n\n<p><a href=\"https:\/\/cdvela.blogs.upv.es\/2023\/04\/27\/campeones-xxv-trofeo-vela-upv\/\" data-type=\"URL\" data-id=\"https:\/\/cdvela.blogs.upv.es\/2023\/04\/27\/campeones-xxv-trofeo-vela-upv\/\">Campeones XXV Trofeo UPV<\/a><\/p>\n\n\n\n<figure class=\"wp-block-image size-large\"><a href=\"https:\/\/cdvela.blogs.upv.es\/wp-content\/uploads\/2023\/04\/IMG-20230423-WA0038.jpg\"><img loading=\"lazy\" decoding=\"async\" width=\"1024\" height=\"682\" src=\"https:\/\/cdvela.blogs.upv.es\/wp-content\/uploads\/2023\/04\/IMG-20230423-WA0038-1024x682.jpg\" alt=\"\" class=\"wp-image-894\" srcset=\"https:\/\/cdvela.blogs.upv.es\/wp-content\/uploads\/2023\/04\/IMG-20230423-WA0038-1024x682.jpg 1024w, https:\/\/cdvela.blogs.upv.es\/wp-content\/uploads\/2023\/04\/IMG-20230423-WA0038-300x200.jpg 300w, https:\/\/cdvela.blogs.upv.es\/wp-content\/uploads\/2023\/04\/IMG-20230423-WA0038-768x512.jpg 768w, https:\/\/cdvela.blogs.upv.es\/wp-content\/uploads\/2023\/04\/IMG-20230423-WA0038-1536x1023.jpg 1536w, https:\/\/cdvela.blogs.upv.es\/wp-content\/uploads\/2023\/04\/IMG-20230423-WA0038-75x50.jpg 75w, https:\/\/cdvela.blogs.upv.es\/wp-content\/uploads\/2023\/04\/IMG-20230423-WA0038.jpg 1600w\" sizes=\"auto, (max-width: 1024px) 100vw, 1024px\" \/><\/a><\/figure>\n","protected":false},"excerpt":{"rendered":"<p>Este blog mantiene la informaci\u00f3n de los componentes del Equipo de Regatas de la Universitat Polit\u00e8cnica de Val\u00e8ncia. Si quieres ponerte en contacto con nosotros puedes enviar un email al [&hellip;]<\/p>\n","protected":false},"author":109,"featured_media":23,"parent":0,"menu_order":0,"comment_status":"open","ping_status":"open","template":"template-sidebar-right.php","meta":{"footnotes":""},"class_list":["post-2","page","type-page","status-publish","has-post-thumbnail","hentry"],"yoast_head":"<!-- This site is optimized with the Yoast SEO plugin v27.5 - https:\/\/yoast.com\/product\/yoast-seo-wordpress\/ -->\n<title>Bienvenidos - Equipo de Regatas de Vela de la UPV<\/title>\n<meta name=\"robots\" content=\"index, follow, max-snippet:-1, max-image-preview:large, max-video-preview:-1\" \/>\n<link rel=\"canonical\" href=\"https:\/\/cdvela.blogs.upv.es\/\" \/>\n<meta property=\"og:locale\" content=\"es_ES\" \/>\n<meta property=\"og:type\" content=\"article\" \/>\n<meta property=\"og:title\" content=\"Bienvenidos - Equipo de Regatas de Vela de la UPV\" \/>\n<meta property=\"og:description\" content=\"Este blog mantiene la informaci\u00f3n de los componentes del Equipo de Regatas de la Universitat Polit\u00e8cnica de Val\u00e8ncia. Si quieres ponerte en contacto con nosotros puedes enviar un email al [&hellip;]\" \/>\n<meta property=\"og:url\" content=\"https:\/\/cdvela.blogs.upv.es\/\" \/>\n<meta property=\"og:site_name\" content=\"Equipo de Regatas de Vela de la UPV\" \/>\n<meta property=\"article:modified_time\" content=\"2026-02-16T12:10:27+00:00\" \/>\n<meta property=\"og:image\" content=\"https:\/\/cdvela.blogs.upv.es\/wp-content\/uploads\/2014\/02\/cropped-FirstUPV.jpg\" \/>\n\t<meta property=\"og:image:width\" content=\"960\" \/>\n\t<meta property=\"og:image:height\" content=\"661\" \/>\n\t<meta property=\"og:image:type\" content=\"image\/jpeg\" \/>\n<meta name=\"twitter:card\" content=\"summary_large_image\" \/>\n<meta name=\"twitter:label1\" content=\"Tiempo de lectura\" \/>\n\t<meta name=\"twitter:data1\" content=\"1 minuto\" \/>\n<script type=\"application\/ld+json\" class=\"yoast-schema-graph\">{\"@context\":\"https:\\\/\\\/schema.org\",\"@graph\":[{\"@type\":\"WebPage\",\"@id\":\"https:\\\/\\\/cdvela.blogs.upv.es\\\/\",\"url\":\"https:\\\/\\\/cdvela.blogs.upv.es\\\/\",\"name\":\"Bienvenidos - Equipo de Regatas de Vela de la UPV\",\"isPartOf\":{\"@id\":\"https:\\\/\\\/cdvela.blogs.upv.es\\\/#website\"},\"primaryImageOfPage\":{\"@id\":\"https:\\\/\\\/cdvela.blogs.upv.es\\\/#primaryimage\"},\"image\":{\"@id\":\"https:\\\/\\\/cdvela.blogs.upv.es\\\/#primaryimage\"},\"thumbnailUrl\":\"https:\\\/\\\/cdvela.blogs.upv.es\\\/wp-content\\\/uploads\\\/2014\\\/02\\\/cropped-FirstUPV.jpg\",\"datePublished\":\"2014-02-10T14:11:52+00:00\",\"dateModified\":\"2026-02-16T12:10:27+00:00\",\"breadcrumb\":{\"@id\":\"https:\\\/\\\/cdvela.blogs.upv.es\\\/#breadcrumb\"},\"inLanguage\":\"es\",\"potentialAction\":[{\"@type\":\"ReadAction\",\"target\":[\"https:\\\/\\\/cdvela.blogs.upv.es\\\/\"]}]},{\"@type\":\"ImageObject\",\"inLanguage\":\"es\",\"@id\":\"https:\\\/\\\/cdvela.blogs.upv.es\\\/#primaryimage\",\"url\":\"https:\\\/\\\/cdvela.blogs.upv.es\\\/wp-content\\\/uploads\\\/2014\\\/02\\\/cropped-FirstUPV.jpg\",\"contentUrl\":\"https:\\\/\\\/cdvela.blogs.upv.es\\\/wp-content\\\/uploads\\\/2014\\\/02\\\/cropped-FirstUPV.jpg\",\"width\":960,\"height\":661},{\"@type\":\"BreadcrumbList\",\"@id\":\"https:\\\/\\\/cdvela.blogs.upv.es\\\/#breadcrumb\",\"itemListElement\":[{\"@type\":\"ListItem\",\"position\":1,\"name\":\"Portada\",\"item\":\"https:\\\/\\\/cdvela.blogs.upv.es\\\/\"},{\"@type\":\"ListItem\",\"position\":2,\"name\":\"Bienvenidos\"}]},{\"@type\":\"WebSite\",\"@id\":\"https:\\\/\\\/cdvela.blogs.upv.es\\\/#website\",\"url\":\"https:\\\/\\\/cdvela.blogs.upv.es\\\/\",\"name\":\"Equipo de Regatas de Vela de la UPV\",\"description\":\"Web del Equipo de Regatas de Vela modalidad crucero de la UPV\",\"potentialAction\":[{\"@type\":\"SearchAction\",\"target\":{\"@type\":\"EntryPoint\",\"urlTemplate\":\"https:\\\/\\\/cdvela.blogs.upv.es\\\/?s={search_term_string}\"},\"query-input\":{\"@type\":\"PropertyValueSpecification\",\"valueRequired\":true,\"valueName\":\"search_term_string\"}}],\"inLanguage\":\"es\"}]}<\/script>\n<!-- \/ Yoast SEO plugin. -->","yoast_head_json":{"title":"Bienvenidos - Equipo de Regatas de Vela de la UPV","robots":{"index":"index","follow":"follow","max-snippet":"max-snippet:-1","max-image-preview":"max-image-preview:large","max-video-preview":"max-video-preview:-1"},"canonical":"https:\/\/cdvela.blogs.upv.es\/","og_locale":"es_ES","og_type":"article","og_title":"Bienvenidos - Equipo de Regatas de Vela de la UPV","og_description":"Este blog mantiene la informaci\u00f3n de los componentes del Equipo de Regatas de la Universitat Polit\u00e8cnica de Val\u00e8ncia. Si quieres ponerte en contacto con nosotros puedes enviar un email al [&hellip;]","og_url":"https:\/\/cdvela.blogs.upv.es\/","og_site_name":"Equipo de Regatas de Vela de la UPV","article_modified_time":"2026-02-16T12:10:27+00:00","og_image":[{"width":960,"height":661,"url":"https:\/\/cdvela.blogs.upv.es\/wp-content\/uploads\/2014\/02\/cropped-FirstUPV.jpg","type":"image\/jpeg"}],"twitter_card":"summary_large_image","twitter_misc":{"Tiempo de lectura":"1 minuto"},"schema":{"@context":"https:\/\/schema.org","@graph":[{"@type":"WebPage","@id":"https:\/\/cdvela.blogs.upv.es\/","url":"https:\/\/cdvela.blogs.upv.es\/","name":"Bienvenidos - Equipo de Regatas de Vela de la UPV","isPartOf":{"@id":"https:\/\/cdvela.blogs.upv.es\/#website"},"primaryImageOfPage":{"@id":"https:\/\/cdvela.blogs.upv.es\/#primaryimage"},"image":{"@id":"https:\/\/cdvela.blogs.upv.es\/#primaryimage"},"thumbnailUrl":"https:\/\/cdvela.blogs.upv.es\/wp-content\/uploads\/2014\/02\/cropped-FirstUPV.jpg","datePublished":"2014-02-10T14:11:52+00:00","dateModified":"2026-02-16T12:10:27+00:00","breadcrumb":{"@id":"https:\/\/cdvela.blogs.upv.es\/#breadcrumb"},"inLanguage":"es","potentialAction":[{"@type":"ReadAction","target":["https:\/\/cdvela.blogs.upv.es\/"]}]},{"@type":"ImageObject","inLanguage":"es","@id":"https:\/\/cdvela.blogs.upv.es\/#primaryimage","url":"https:\/\/cdvela.blogs.upv.es\/wp-content\/uploads\/2014\/02\/cropped-FirstUPV.jpg","contentUrl":"https:\/\/cdvela.blogs.upv.es\/wp-content\/uploads\/2014\/02\/cropped-FirstUPV.jpg","width":960,"height":661},{"@type":"BreadcrumbList","@id":"https:\/\/cdvela.blogs.upv.es\/#breadcrumb","itemListElement":[{"@type":"ListItem","position":1,"name":"Portada","item":"https:\/\/cdvela.blogs.upv.es\/"},{"@type":"ListItem","position":2,"name":"Bienvenidos"}]},{"@type":"WebSite","@id":"https:\/\/cdvela.blogs.upv.es\/#website","url":"https:\/\/cdvela.blogs.upv.es\/","name":"Equipo de Regatas de Vela de la UPV","description":"Web del Equipo de Regatas de Vela modalidad crucero de la UPV","potentialAction":[{"@type":"SearchAction","target":{"@type":"EntryPoint","urlTemplate":"https:\/\/cdvela.blogs.upv.es\/?s={search_term_string}"},"query-input":{"@type":"PropertyValueSpecification","valueRequired":true,"valueName":"search_term_string"}}],"inLanguage":"es"}]}},"_links":{"self":[{"href":"https:\/\/cdvela.blogs.upv.es\/index.php?rest_route=\/wp\/v2\/pages\/2","targetHints":{"allow":["GET"]}}],"collection":[{"href":"https:\/\/cdvela.blogs.upv.es\/index.php?rest_route=\/wp\/v2\/pages"}],"about":[{"href":"https:\/\/cdvela.blogs.upv.es\/index.php?rest_route=\/wp\/v2\/types\/page"}],"author":[{"embeddable":true,"href":"https:\/\/cdvela.blogs.upv.es\/index.php?rest_route=\/wp\/v2\/users\/109"}],"replies":[{"embeddable":true,"href":"https:\/\/cdvela.blogs.upv.es\/index.php?rest_route=%2Fwp%2Fv2%2Fcomments&post=2"}],"version-history":[{"count":8,"href":"https:\/\/cdvela.blogs.upv.es\/index.php?rest_route=\/wp\/v2\/pages\/2\/revisions"}],"predecessor-version":[{"id":913,"href":"https:\/\/cdvela.blogs.upv.es\/index.php?rest_route=\/wp\/v2\/pages\/2\/revisions\/913"}],"wp:featuredmedia":[{"embeddable":true,"href":"https:\/\/cdvela.blogs.upv.es\/index.php?rest_route=\/wp\/v2\/media\/23"}],"wp:attachment":[{"href":"https:\/\/cdvela.blogs.upv.es\/index.php?rest_route=%2Fwp%2Fv2%2Fmedia&parent=2"}],"curies":[{"name":"wp","href":"https:\/\/api.w.org\/{rel}","templated":true}]}}